{"id":1647,"date":"2023-07-29T16:09:51","date_gmt":"2023-07-29T14:09:51","guid":{"rendered":"https:\/\/etangetvillage.com\/blog\/"},"modified":"2024-06-04T11:01:36","modified_gmt":"2024-06-04T09:01:36","slug":"blog","status":"publish","type":"page","link":"https:\/\/etangetvillage.com\/de\/blog\/","title":{"rendered":"Blog"},"content":{"rendered":"\t\t<div data-elementor-type=\"wp-page\" data-elementor-id=\"1647\" class=\"elementor elementor-1647 elementor-871\" data-elementor-post-type=\"page\">\n\t\t\t\t\t\t\t\t\t<section class=\"elementor-section elementor-top-section elementor-element elementor-element-2298e06d elementor-section-full_width elementor-section-height-min-height elementor-section-height-default elementor-section-items-middle\" data-id=\"2298e06d\" data-element_type=\"section\" data-settings=\"{&quot;background_background&quot;:&quot;classic&quot;}\">\n\t\t\t\t\t\t\t<div class=\"elementor-background-overlay\"><\/div>\n\t\t\t\t\t\t\t<div class=\"elementor-container elementor-column-gap-default\">\n\t\t\t\t\t<div class=\"elementor-column elementor-col-100 elementor-top-column elementor-element elementor-element-7b5dc907\" data-id=\"7b5dc907\" data-element_type=\"column\">\n\t\t\t<div class=\"elementor-widget-wrap elementor-element-populated\">\n\t\t\t\t\t\t\t\t<div class=\"elementor-element elementor-element-7c46905 elementor-widget elementor-widget-heading\" data-id=\"7c46905\" data-element_type=\"widget\" data-widget_type=\"heading.default\">\n\t\t\t\t<div class=\"elementor-widget-container\">\n\t\t\t<style>\/*! elementor - v3.16.0 - 09-10-2023 *\/\n.elementor-heading-title{padding:0;margin:0;line-height:1}.elementor-widget-heading .elementor-heading-title[class*=elementor-size-]>a{color:inherit;font-size:inherit;line-height:inherit}.elementor-widget-heading .elementor-heading-title.elementor-size-small{font-size:15px}.elementor-widget-heading .elementor-heading-title.elementor-size-medium{font-size:19px}.elementor-widget-heading .elementor-heading-title.elementor-size-large{font-size:29px}.elementor-widget-heading .elementor-heading-title.elementor-size-xl{font-size:39px}.elementor-widget-heading .elementor-heading-title.elementor-size-xxl{font-size:59px}<\/style><h1 class=\"elementor-heading-title elementor-size-default\">Blog<\/h1>\t\t<\/div>\n\t\t\t\t<\/div>\n\t\t\t\t\t<\/div>\n\t\t<\/div>\n\t\t\t\t\t\t\t<\/div>\n\t\t<\/section>\n\t\t\t\t<section class=\"elementor-section elementor-top-section elementor-element elementor-element-64fc1c33 elementor-section-boxed elementor-section-height-default elementor-section-height-default\" data-id=\"64fc1c33\" data-element_type=\"section\">\n\t\t\t\t\t\t<div class=\"elementor-container elementor-column-gap-default\">\n\t\t\t\t\t<div class=\"elementor-column elementor-col-100 elementor-top-column elementor-element elementor-element-550cac98\" data-id=\"550cac98\" data-element_type=\"column\">\n\t\t\t<div class=\"elementor-widget-wrap elementor-element-populated\">\n\t\t\t\t\t\t\t\t<div class=\"elementor-element elementor-element-793ee5e9 elementor-grid-2 elementor-posts--align-left elementor-grid-tablet-2 elementor-grid-mobile-1 elementor-posts--thumbnail-top elementor-widget elementor-widget-posts\" data-id=\"793ee5e9\" data-element_type=\"widget\" data-settings=\"{&quot;classic_columns&quot;:&quot;2&quot;,&quot;classic_row_gap&quot;:{&quot;unit&quot;:&quot;px&quot;,&quot;size&quot;:&quot;50&quot;,&quot;sizes&quot;:[]},&quot;classic_columns_tablet&quot;:&quot;2&quot;,&quot;classic_columns_mobile&quot;:&quot;1&quot;,&quot;classic_row_gap_tablet&quot;:{&quot;unit&quot;:&quot;px&quot;,&quot;size&quot;:&quot;&quot;,&quot;sizes&quot;:[]},&quot;classic_row_gap_mobile&quot;:{&quot;unit&quot;:&quot;px&quot;,&quot;size&quot;:&quot;&quot;,&quot;sizes&quot;:[]}}\" data-widget_type=\"posts.classic\">\n\t\t\t\t<div class=\"elementor-widget-container\">\n\t\t\t<link rel=\"stylesheet\" href=\"https:\/\/etangetvillage.com\/wp-content\/plugins\/elementor-pro\/assets\/css\/widget-posts.min.css\">\t\t<div class=\"elementor-posts-container elementor-posts elementor-posts--skin-classic elementor-grid\">\n\t\t\t\t<article class=\"elementor-post elementor-grid-item post-2522 post type-post status-publish format-standard has-post-thumbnail hentry category-tourismus\">\n\t\t\t\t<a class=\"elementor-post__thumbnail__link\" href=\"https:\/\/etangetvillage.com\/de\/die-verborgenen-reize-der-gatine-einfuehrung-in-diese-malerische-region\/\" tabindex=\"-1\" >\n\t\t\t<div class=\"elementor-post__thumbnail\"><img loading=\"lazy\" decoding=\"async\" width=\"860\" height=\"570\" src=\"https:\/\/etangetvillage.com\/wp-content\/uploads\/2023\/09\/gite-en-gatine.webp\" class=\"attachment-full size-full wp-image-2194\" alt=\"G\u00eete en Gatine\" srcset=\"https:\/\/etangetvillage.com\/wp-content\/uploads\/2023\/09\/gite-en-gatine.webp 860w, https:\/\/etangetvillage.com\/wp-content\/uploads\/2023\/09\/gite-en-gatine-300x199.webp 300w, https:\/\/etangetvillage.com\/wp-content\/uploads\/2023\/09\/gite-en-gatine-768x509.webp 768w\" sizes=\"auto, (max-width: 860px) 100vw, 860px\" \/><\/div>\n\t\t<\/a>\n\t\t\t\t<div class=\"elementor-post__text\">\n\t\t\t\t<h3 class=\"elementor-post__title\">\n\t\t\t<a href=\"https:\/\/etangetvillage.com\/de\/die-verborgenen-reize-der-gatine-einfuehrung-in-diese-malerische-region\/\" >\n\t\t\t\tDie verborgenen Reize der G\u00e2tine: Einf\u00fchrung in diese malerische Region.\t\t\t<\/a>\n\t\t<\/h3>\n\t\t\t\t<div class=\"elementor-post__excerpt\">\n\t\t\t<p>Die G\u00e2tine, die heimliche Perle des Departements Deux-S\u00e8vres, birgt oft unbekannte Sch\u00e4tze. Von h\u00fcgeligen Landschaften bis hin zu althergebrachten Traditionen verbirgt diese Region viele \u00dcberraschungen. Sind Sie bereit, den Schleier seiner Geheimnisse zu l\u00fcften? Begeben Sie sich auf eine abenteuerliche Reise in das Land der G\u00e2tinaise und lassen Sie sich von seiner unwiderstehlichen Authentizit\u00e4t verf\u00fchren. Bei jeder Abzweigung wartet eine neue Entdeckung auf Sie. Los geht&#8217;s!<\/p>\n\t\t<\/div>\n\t\t\t\t<\/div>\n\t\t\t\t<\/article>\n\t\t\t\t<article class=\"elementor-post elementor-grid-item post-2323 post type-post status-publish format-standard has-post-thumbnail hentry category-tourismus category-unkategorisiert\">\n\t\t\t\t<a class=\"elementor-post__thumbnail__link\" href=\"https:\/\/etangetvillage.com\/de\/was-kann-man-in-la-rochelle-unternehmen-top-5-der-besten-aktivitaeten\/\" tabindex=\"-1\" >\n\t\t\t<div class=\"elementor-post__thumbnail\"><img loading=\"lazy\" decoding=\"async\" width=\"2560\" height=\"1440\" src=\"https:\/\/etangetvillage.com\/wp-content\/uploads\/2023\/09\/la-rochelle-top-5-scaled.webp\" class=\"attachment-full size-full wp-image-2156\" alt=\"Top 5 des activit\u00e9s \u00e0 faire \u00e0 La Rochelle\" srcset=\"https:\/\/etangetvillage.com\/wp-content\/uploads\/2023\/09\/la-rochelle-top-5-scaled.webp 2560w, https:\/\/etangetvillage.com\/wp-content\/uploads\/2023\/09\/la-rochelle-top-5-300x169.webp 300w, https:\/\/etangetvillage.com\/wp-content\/uploads\/2023\/09\/la-rochelle-top-5-1024x576.webp 1024w, https:\/\/etangetvillage.com\/wp-content\/uploads\/2023\/09\/la-rochelle-top-5-768x432.webp 768w, https:\/\/etangetvillage.com\/wp-content\/uploads\/2023\/09\/la-rochelle-top-5-1536x864.webp 1536w, https:\/\/etangetvillage.com\/wp-content\/uploads\/2023\/09\/la-rochelle-top-5-2048x1152.webp 2048w\" sizes=\"auto, (max-width: 2560px) 100vw, 2560px\" \/><\/div>\n\t\t<\/a>\n\t\t\t\t<div class=\"elementor-post__text\">\n\t\t\t\t<h3 class=\"elementor-post__title\">\n\t\t\t<a href=\"https:\/\/etangetvillage.com\/de\/was-kann-man-in-la-rochelle-unternehmen-top-5-der-besten-aktivitaeten\/\" >\n\t\t\t\tWas kann man in La Rochelle unternehmen? Top 5 der besten Aktivit\u00e4ten!\t\t\t<\/a>\n\t\t<\/h3>\n\t\t\t\t<div class=\"elementor-post__excerpt\">\n\t\t\t<p>Sie fragen sich, was Sie bei Ihrem n\u00e4chsten Ausflug in La Rochelle unternehmen k\u00f6nnen? Diese Stadt am Meer ist reich an verborgenen Sch\u00e4tzen und symboltr\u00e4chtigen Sehensw\u00fcrdigkeiten. Um Sie bei Ihrem Rochelle-Abenteuer zu begleiten, haben wir f\u00fcr Sie 5 Orte ausgew\u00e4hlt, die Sie in La Rochelle unbedingt besuchen sollten, damit Sie einen Zwischenstopp mit vielen Entdeckungen einlegen k\u00f6nnen. Tauchen Sie mit uns in das Herz dieses Reiseziels zwischen Land und Meer ein und lassen Sie sich von seinem unbestreitbaren Charme \u00fcberraschen!<\/p>\n\t\t<\/div>\n\t\t\t\t<\/div>\n\t\t\t\t<\/article>\n\t\t\t\t<article class=\"elementor-post elementor-grid-item post-2324 post type-post status-publish format-standard has-post-thumbnail hentry category-berufliche-veranstaltung category-unkategorisiert\">\n\t\t\t\t<a class=\"elementor-post__thumbnail__link\" href=\"https:\/\/etangetvillage.com\/de\/wie-organisiert-man-ein-seminar-der-vollstaendige-leitfaden-in-12-schritten\/\" tabindex=\"-1\" >\n\t\t\t<div class=\"elementor-post__thumbnail\"><img loading=\"lazy\" decoding=\"async\" width=\"1920\" height=\"1280\" src=\"https:\/\/etangetvillage.com\/wp-content\/uploads\/2023\/09\/organiser-seminaire.webp\" class=\"attachment-full size-full wp-image-2142\" alt=\"Organiser un s\u00e9minaire\" srcset=\"https:\/\/etangetvillage.com\/wp-content\/uploads\/2023\/09\/organiser-seminaire.webp 1920w, https:\/\/etangetvillage.com\/wp-content\/uploads\/2023\/09\/organiser-seminaire-300x200.webp 300w, https:\/\/etangetvillage.com\/wp-content\/uploads\/2023\/09\/organiser-seminaire-1024x683.webp 1024w, https:\/\/etangetvillage.com\/wp-content\/uploads\/2023\/09\/organiser-seminaire-768x512.webp 768w, https:\/\/etangetvillage.com\/wp-content\/uploads\/2023\/09\/organiser-seminaire-1536x1024.webp 1536w\" sizes=\"auto, (max-width: 1920px) 100vw, 1920px\" \/><\/div>\n\t\t<\/a>\n\t\t\t\t<div class=\"elementor-post__text\">\n\t\t\t\t<h3 class=\"elementor-post__title\">\n\t\t\t<a href=\"https:\/\/etangetvillage.com\/de\/wie-organisiert-man-ein-seminar-der-vollstaendige-leitfaden-in-12-schritten\/\" >\n\t\t\t\tWie organisiert man ein Seminar? Der vollst\u00e4ndige Leitfaden in 12 Schritten\t\t\t<\/a>\n\t\t<\/h3>\n\t\t\t\t<div class=\"elementor-post__excerpt\">\n\t\t\t<p>Wie organisiert man ein Seminar, das einen bleibenden Eindruck hinterl\u00e4sst? Zwischen der sorgf\u00e4ltigen Planung, der Wahl des idealen Ortes, der Koordination der Beteiligten und dem Voraussehen unvorhergesehener Ereignisse wird die Orchestrierung eines Kolloquiums zu einer echten Herausforderung. Tauchen Sie ein in die faszinierende Welt erfolgreicher Firmenseminare und entdecken Sie die Geheimnisse einer reibungslosen Organisation.<\/p>\n\t\t<\/div>\n\t\t\t\t<\/div>\n\t\t\t\t<\/article>\n\t\t\t\t<\/div>\n\t\t\n\t\t\t\t<\/div>\n\t\t\t\t<\/div>\n\t\t\t\t\t<\/div>\n\t\t<\/div>\n\t\t\t\t\t\t\t<\/div>\n\t\t<\/section>\n\t\t\t\t\t\t\t<\/div>\n\t\t","protected":false},"excerpt":{"rendered":"<p>Blog<\/p>\n","protected":false},"author":1,"featured_media":0,"parent":0,"menu_order":0,"comment_status":"closed","ping_status":"closed","template":"elementor_header_footer","meta":{"footnotes":""},"class_list":["post-1647","page","type-page","status-publish","hentry"],"yoast_head":"<!-- This site is optimized with the Yoast SEO plugin v21.4 - https:\/\/yoast.com\/wordpress\/plugins\/seo\/ -->\n<title>Blog - Etang et village<\/title>\n<meta name=\"robots\" content=\"index, follow, max-snippet:-1, max-image-preview:large, max-video-preview:-1\" \/>\n<link rel=\"canonical\" href=\"https:\/\/etangetvillage.com\/de\/blog\/\" \/>\n<meta property=\"og:locale\" content=\"de_DE\" \/>\n<meta property=\"og:type\" content=\"article\" \/>\n<meta property=\"og:title\" content=\"Blog - Etang et village\" \/>\n<meta property=\"og:description\" content=\"Blog\" \/>\n<meta property=\"og:url\" content=\"https:\/\/etangetvillage.com\/de\/blog\/\" \/>\n<meta property=\"og:site_name\" content=\"Etang et village\" \/>\n<meta property=\"article:modified_time\" content=\"2024-06-04T09:01:36+00:00\" \/>\n<meta name=\"twitter:card\" content=\"summary_large_image\" \/>\n<script type=\"application\/ld+json\" class=\"yoast-schema-graph\">{\"@context\":\"https:\/\/schema.org\",\"@graph\":[{\"@type\":\"WebPage\",\"@id\":\"https:\/\/etangetvillage.com\/de\/blog\/\",\"url\":\"https:\/\/etangetvillage.com\/de\/blog\/\",\"name\":\"Blog - Etang et village\",\"isPartOf\":{\"@id\":\"https:\/\/etangetvillage.com\/de\/#website\"},\"datePublished\":\"2023-07-29T14:09:51+00:00\",\"dateModified\":\"2024-06-04T09:01:36+00:00\",\"breadcrumb\":{\"@id\":\"https:\/\/etangetvillage.com\/de\/blog\/#breadcrumb\"},\"inLanguage\":\"de\",\"potentialAction\":[{\"@type\":\"ReadAction\",\"target\":[\"https:\/\/etangetvillage.com\/de\/blog\/\"]}]},{\"@type\":\"BreadcrumbList\",\"@id\":\"https:\/\/etangetvillage.com\/de\/blog\/#breadcrumb\",\"itemListElement\":[{\"@type\":\"ListItem\",\"position\":1,\"name\":\"Accueil\",\"item\":\"https:\/\/etangetvillage.com\/de\/\"},{\"@type\":\"ListItem\",\"position\":2,\"name\":\"Blog\"}]},{\"@type\":\"WebSite\",\"@id\":\"https:\/\/etangetvillage.com\/de\/#website\",\"url\":\"https:\/\/etangetvillage.com\/de\/\",\"name\":\"Etang et village\",\"description\":\"\",\"potentialAction\":[{\"@type\":\"SearchAction\",\"target\":{\"@type\":\"EntryPoint\",\"urlTemplate\":\"https:\/\/etangetvillage.com\/de\/?s={search_term_string}\"},\"query-input\":\"required name=search_term_string\"}],\"inLanguage\":\"de\"}]}<\/script>\n<!-- \/ Yoast SEO plugin. -->","yoast_head_json":{"title":"Blog - Etang et village","robots":{"index":"index","follow":"follow","max-snippet":"max-snippet:-1","max-image-preview":"max-image-preview:large","max-video-preview":"max-video-preview:-1"},"canonical":"https:\/\/etangetvillage.com\/de\/blog\/","og_locale":"de_DE","og_type":"article","og_title":"Blog - Etang et village","og_description":"Blog","og_url":"https:\/\/etangetvillage.com\/de\/blog\/","og_site_name":"Etang et village","article_modified_time":"2024-06-04T09:01:36+00:00","twitter_card":"summary_large_image","schema":{"@context":"https:\/\/schema.org","@graph":[{"@type":"WebPage","@id":"https:\/\/etangetvillage.com\/de\/blog\/","url":"https:\/\/etangetvillage.com\/de\/blog\/","name":"Blog - Etang et village","isPartOf":{"@id":"https:\/\/etangetvillage.com\/de\/#website"},"datePublished":"2023-07-29T14:09:51+00:00","dateModified":"2024-06-04T09:01:36+00:00","breadcrumb":{"@id":"https:\/\/etangetvillage.com\/de\/blog\/#breadcrumb"},"inLanguage":"de","potentialAction":[{"@type":"ReadAction","target":["https:\/\/etangetvillage.com\/de\/blog\/"]}]},{"@type":"BreadcrumbList","@id":"https:\/\/etangetvillage.com\/de\/blog\/#breadcrumb","itemListElement":[{"@type":"ListItem","position":1,"name":"Accueil","item":"https:\/\/etangetvillage.com\/de\/"},{"@type":"ListItem","position":2,"name":"Blog"}]},{"@type":"WebSite","@id":"https:\/\/etangetvillage.com\/de\/#website","url":"https:\/\/etangetvillage.com\/de\/","name":"Etang et village","description":"","potentialAction":[{"@type":"SearchAction","target":{"@type":"EntryPoint","urlTemplate":"https:\/\/etangetvillage.com\/de\/?s={search_term_string}"},"query-input":"required name=search_term_string"}],"inLanguage":"de"}]}},"_links":{"self":[{"href":"https:\/\/etangetvillage.com\/de\/wp-json\/wp\/v2\/pages\/1647","targetHints":{"allow":["GET"]}}],"collection":[{"href":"https:\/\/etangetvillage.com\/de\/wp-json\/wp\/v2\/pages"}],"about":[{"href":"https:\/\/etangetvillage.com\/de\/wp-json\/wp\/v2\/types\/page"}],"author":[{"embeddable":true,"href":"https:\/\/etangetvillage.com\/de\/wp-json\/wp\/v2\/users\/1"}],"replies":[{"embeddable":true,"href":"https:\/\/etangetvillage.com\/de\/wp-json\/wp\/v2\/comments?post=1647"}],"version-history":[{"count":2,"href":"https:\/\/etangetvillage.com\/de\/wp-json\/wp\/v2\/pages\/1647\/revisions"}],"predecessor-version":[{"id":2955,"href":"https:\/\/etangetvillage.com\/de\/wp-json\/wp\/v2\/pages\/1647\/revisions\/2955"}],"wp:attachment":[{"href":"https:\/\/etangetvillage.com\/de\/wp-json\/wp\/v2\/media?parent=1647"}],"curies":[{"name":"wp","href":"https:\/\/api.w.org\/{rel}","templated":true}]}}