{"id":2467,"date":"2023-06-15T13:54:06","date_gmt":"2023-06-15T11:54:06","guid":{"rendered":"https:\/\/etangetvillage.com\/allgemeine-mietbedingungen\/"},"modified":"2024-06-04T11:02:20","modified_gmt":"2024-06-04T09:02:20","slug":"allgemeine-mietbedingungen","status":"publish","type":"page","link":"https:\/\/etangetvillage.com\/de\/allgemeine-mietbedingungen\/","title":{"rendered":"Allgemeine Mietbedingungen"},"content":{"rendered":"\t\t<div data-elementor-type=\"wp-page\" data-elementor-id=\"2467\" class=\"elementor elementor-2467 elementor-3\" data-elementor-post-type=\"page\">\n\t\t\t\t\t\t\t\t\t<section class=\"elementor-section elementor-top-section elementor-element elementor-element-264b279 elementor-section-full_width elementor-section-height-min-height elementor-section-height-default elementor-section-items-middle\" data-id=\"264b279\" data-element_type=\"section\" data-settings=\"{&quot;background_background&quot;:&quot;classic&quot;}\">\n\t\t\t\t\t\t\t<div class=\"elementor-background-overlay\"><\/div>\n\t\t\t\t\t\t\t<div class=\"elementor-container elementor-column-gap-default\">\n\t\t\t\t\t<div class=\"elementor-column elementor-col-100 elementor-top-column elementor-element elementor-element-2e6422e\" data-id=\"2e6422e\" data-element_type=\"column\">\n\t\t\t<div class=\"elementor-widget-wrap elementor-element-populated\">\n\t\t\t\t\t\t\t\t<div class=\"elementor-element elementor-element-5928c2a elementor-widget elementor-widget-heading\" data-id=\"5928c2a\" data-element_type=\"widget\" data-widget_type=\"heading.default\">\n\t\t\t\t<div class=\"elementor-widget-container\">\n\t\t\t<style>\/*! elementor - v3.16.0 - 09-10-2023 *\/\n.elementor-heading-title{padding:0;margin:0;line-height:1}.elementor-widget-heading .elementor-heading-title[class*=elementor-size-]>a{color:inherit;font-size:inherit;line-height:inherit}.elementor-widget-heading .elementor-heading-title.elementor-size-small{font-size:15px}.elementor-widget-heading .elementor-heading-title.elementor-size-medium{font-size:19px}.elementor-widget-heading .elementor-heading-title.elementor-size-large{font-size:29px}.elementor-widget-heading .elementor-heading-title.elementor-size-xl{font-size:39px}.elementor-widget-heading .elementor-heading-title.elementor-size-xxl{font-size:59px}<\/style><h1 class=\"elementor-heading-title elementor-size-default\">Allgemeine Mietbedingungen<\/h1>\t\t<\/div>\n\t\t\t\t<\/div>\n\t\t\t\t\t<\/div>\n\t\t<\/div>\n\t\t\t\t\t\t\t<\/div>\n\t\t<\/section>\n\t\t\t\t<section class=\"elementor-section elementor-top-section elementor-element elementor-element-8692558 elementor-section-boxed elementor-section-height-default elementor-section-height-default\" data-id=\"8692558\" data-element_type=\"section\">\n\t\t\t\t\t\t<div class=\"elementor-container elementor-column-gap-default\">\n\t\t\t\t\t<div class=\"elementor-column elementor-col-100 elementor-top-column elementor-element elementor-element-0dbb64d\" data-id=\"0dbb64d\" data-element_type=\"column\">\n\t\t\t<div class=\"elementor-widget-wrap elementor-element-populated\">\n\t\t\t\t\t\t\t\t<div class=\"elementor-element elementor-element-a8de5ac elementor-widget elementor-widget-text-editor\" data-id=\"a8de5ac\" data-element_type=\"widget\" data-widget_type=\"text-editor.default\">\n\t\t\t\t<div class=\"elementor-widget-container\">\n\t\t\t<style>\/*! elementor - v3.16.0 - 09-10-2023 *\/\n.elementor-widget-text-editor.elementor-drop-cap-view-stacked .elementor-drop-cap{background-color:#69727d;color:#fff}.elementor-widget-text-editor.elementor-drop-cap-view-framed .elementor-drop-cap{color:#69727d;border:3px solid;background-color:transparent}.elementor-widget-text-editor:not(.elementor-drop-cap-view-default) .elementor-drop-cap{margin-top:8px}.elementor-widget-text-editor:not(.elementor-drop-cap-view-default) .elementor-drop-cap-letter{width:1em;height:1em}.elementor-widget-text-editor .elementor-drop-cap{float:left;text-align:center;line-height:1;font-size:50px}.elementor-widget-text-editor .elementor-drop-cap-letter{display:inline-block}<\/style>\t\t\t\t<ol>\n<li>Jede Vermietung ist namentlich. Die Person, die die Buchung vornimmt, muss vollj\u00e4hrig sein. Buchungsanfragen, die minderj\u00e4hrige Kinder beinhalten, die nicht von einem direkten Erziehungsberechtigten (Vater, Mutter oder Gro\u00dfeltern) begleitet werden, werden abgelehnt.<\/li>\n<li>In der Beschreibung wird dem Kunden die maximale Anzahl der Schlafpl\u00e4tze in jeder Unterkunft mitgeteilt. Diese Zahl versteht sich f\u00fcr jede im Vertrag angegebene Person (einschlie\u00dflich Baby). Die Unterkunft darf unter keinen Umst\u00e4nden mit einer h\u00f6heren Anzahl von Personen belegt werden, als im Vertrag angegeben. Die Direktion beh\u00e4lt sich das Recht vor, nicht angemeldeten Personen den Zugang zur Unterkunft zu verweigern.<\/li>\n<li>Die Reservierung eines Ferienhauses wird erst mit unserer Zustimmung (\u00dcberpr\u00fcfung der Verf\u00fcgbarkeit&#8230;) und nach \u00dcberweisung des Betrags f\u00fcr den Aufenthalt zusammen mit dem ausgef\u00fcllten und unterschriebenen Mietvertrag wirksam.<\/li>\n<li>Die Teilnehmer des Aufenthalts haben freien Zugang zum Wasser.<\/li>\n<li>Der Zugang zum Fischfang ist nicht kostenlos. Es werden mehrere M\u00f6glichkeiten angeboten: Tages-, Wochen-, Monats- oder Jahreskarten. Zwei Bahnsteige wurden speziell f\u00fcr Menschen mit Behinderungen eingerichtet.<\/li>\n<li>Bei seiner Ankunft muss sich jeder Mieter mit seiner Buchungsbest\u00e4tigung am Empfangsb\u00fcro melden, um den Restbetrag f\u00fcr seinen Aufenthalt und die Kurtaxe zu bezahlen; au\u00dferdem werden ihm die Schl\u00fcssel f\u00fcr seine Unterkunft ausgeh\u00e4ndigt.<\/li>\n<li>M\u00f6blierte Mietobjekte werden nach 15 Uhr bis 19 Uhr \u00fcbernommen, die R\u00fcckgabe erfolgt am Abreisetag vor 10 Uhr.<\/li>\n<li>Bei der Ankunft ist eine Kaution von 400\u20ac zu hinterlegen. Sie wird bei der Abreise nach \u00dcbergabe der Schl\u00fcssel zur\u00fcckerstattet, abz\u00fcglich eventueller Besch\u00e4digungen. Eine zweite Kaution in H\u00f6he von 50\u20ac wird verlangt und eingel\u00f6st, falls die Unterkunft am Ende des Aufenthalts nicht in einwandfrei sauberem Zustand zur\u00fcckgegeben wird, wobei die Reinigung zu Lasten des Mieters geht.<\/li>\n<li>Fahrzeuge d\u00fcrfen nicht auf den Wegen zu den Unterk\u00fcnften geparkt werden. Sie m\u00fcssen auf den daf\u00fcr vorgesehenen Parkpl\u00e4tzen abgestellt werden.<\/li>\n<li>Jede Unterkunft ist mit einer K\u00fcchenzeile mit Zugang zum Wohnzimmer, einem Badezimmer mit WC, 2 oder 3 Schlafzimmern, einer privaten Terrasse sowie einer Gr\u00fcnfl\u00e4che ausgestattet und enth\u00e4lt alle K\u00fcchen- und Tischutensilien sowie Bettzeug, Kopfkissen, Decken und Federbetten. Der Mieter muss sich mit Kopfkissenbez\u00fcgen, Spannbettlaken, Flachbettlaken oder Bettbez\u00fcgen, Handt\u00fcchern, K\u00fcchenw\u00e4sche und Reinigungsmitteln ausstatten. Die Ausstattung jedes Mietobjekts ist Gegenstand einer Inventarliste. Der Mieter ist verpflichtet, es bei seiner Ankunft zu kontrollieren und etwaige M\u00e4ngel innerhalb von maximal drei Tagen zu melden. Die Kundin\/der Kunde haftet f\u00fcr alle zerbrochenen oder besch\u00e4digten Gegenst\u00e4nde und f\u00fcr Sch\u00e4den, die daraus resultieren oder an den Einrichtungen verursacht werden. Jeder Bruch, Verlust oder Schaden an einem Gegenstand w\u00e4hrend des Aufenthalts muss gemeldet werden, um den Ersatz dieses Gegenstands zu gew\u00e4hrleisten und kann eventuell in Rechnung gestellt werden.<\/li>\n<li>Eine Waschmaschine und ein Trockner stehen an der Rezeption gegen Geb\u00fchr zur Verf\u00fcgung.<\/li>\n<li>Ein B\u00fcgelbrett und ein B\u00fcgeleisen k\u00f6nnen auf Anfrage ausgeliehen werden.<\/li>\n<li>Die Wohnungsabnahme erfolgt nach Absprache am Tag der Abreise zwischen 8:00 und 10:00 Uhr. Bei einer Abreise au\u00dferhalb der festgelegten Zeiten wird die Kaution per Post zur\u00fcckgeschickt.<\/li>\n<li>In den Unterk\u00fcnften ist das Rauchen und Dampfen verboten.<\/li>\n<li>Jede Stornierung muss uns schriftlich (per Einschreiben mit R\u00fcckschein) zugehen. F\u00fcr alle\n<ol>\n<li>Stornierung mehr als 60 Tage vor dem geplanten Termin: R\u00fcckerstattung der Reservierung.<\/li>\n<li>Stornierung zwischen 60 Tagen und 30 Tagen vor dem geplanten Termin: 75% des Buchungspreises.<\/li>\n<li>Stornierung weniger als 30 Tage vor dem geplanten Datum: Keine R\u00fcckerstattung der Anzahlung, der gesamte Betrag des Aufenthalts ist f\u00e4llig.<\/li>\n<\/ol>\n<\/li>\n<li>Bei versp\u00e4teter Ankunft oder vorzeitiger Abreise wird keine Erm\u00e4\u00dfigung gew\u00e4hrt, der Aufenthalt wird bis zum vertraglich festgelegten Termin in Rechnung gestellt.<\/li>\n<li>Die Mietunterk\u00fcnfte werden, falls keine Informationen vom Feriendorf vorliegen, am Tag nach dem geplanten Ankunftsdatum wieder verf\u00fcgbar. Eine nicht genutzte Leistung wird nicht zur\u00fcckerstattet.<\/li>\n<li>Die Direktion des Feriendorfes haftet nicht f\u00fcr Besch\u00e4digungen oder Diebstahl von pers\u00f6nlichen Gegenst\u00e4nden in den Mietunterk\u00fcnften oder auf den Parkpl\u00e4tzen, sofern sie diese nicht zu verantworten hat. Dasselbe gilt f\u00fcr zuf\u00e4llige F\u00e4lle h\u00f6herer Gewalt oder Sch\u00e4digungen, die den Aufenthalt st\u00f6ren, unterbrechen oder verhindern.<\/li>\n<li>Wir weisen darauf hin, dass Kinder unter der Verantwortung ihrer Eltern oder Erziehungsberechtigten stehen und daher w\u00e4hrend des gesamten Aufenthalts, auch auf den Spielpl\u00e4tzen, unter deren Aufsicht bleiben m\u00fcssen.<\/li>\n<li>Der Kunde muss \u00fcberpr\u00fcfen, ob er eine Vollkasko- und Haftpflichtversicherung abgeschlossen hat.<\/li>\n<li>Der Kunde verpflichtet sich, die gemietete Unterkunft zu nutzen, ohne sie zu besch\u00e4digen oder die Ruhe der Nachbarschaft zu st\u00f6ren, und ist verpflichtet, sich an die Bestimmungen der Hausordnung zu halten, die an der Rezeption eingesehen und eingesehen werden kann.<\/li>\n<li>Eine Mahnung, die zu einer sofortigen Beendigung des Mietverh\u00e4ltnisses ohne Entsch\u00e4digung f\u00fchren kann, wenn sie nicht befolgt wird, erfolgt im Falle von :\n<ol>\n<li>Bel\u00e4stigung (L\u00e4rm&#8230;) oder Beeintr\u00e4chtigung der Integrit\u00e4t von Einrichtungen<\/li>\n<li>Nichteinhaltung der Bedingungen f\u00fcr die Mitnahme von Haustieren<\/li>\n<li>Mehr Personen als die gemeldete Kapazit\u00e4t (zus\u00e4tzliche Person oder Tier, nicht gemeldet).<\/li>\n<\/ol>\n<\/li>\n<li>Im Streitfall und nachdem er sich an den Kundenservice der Einrichtung gewandt hat, hat jeder Kunde des Feriendorfs die M\u00f6glichkeit, sich innerhalb einer Frist von h\u00f6chstens einem Jahr ab dem Datum der schriftlichen Beschwerde per LRAR an einen Verbrauchermediator beim Betreiber zu wenden.<br \/>Die Kontaktdaten des Ombudsmannes, der vom Kunden angerufen werden kann, lauten wie folgt:<\/li>\n<\/ol>\n<ul>\n<li>MEDICYS 73 Bd de Clichy &#8211; 75009 PARIS\n<ul>\n<li>Tel. 01 49 70 15 93<\/li>\n<li>contact@medicys.fr<\/li>\n<li>Eingabe per Internet durch Eingabe in das daf\u00fcr vorgesehene Formular: www.medicys.fr<\/li>\n<\/ul>\n<\/li>\n<\/ul>\n\t\t\t\t\t\t<\/div>\n\t\t\t\t<\/div>\n\t\t\t\t\t<\/div>\n\t\t<\/div>\n\t\t\t\t\t\t\t<\/div>\n\t\t<\/section>\n\t\t\t\t\t\t\t<\/div>\n\t\t","protected":false},"excerpt":{"rendered":"<p>Allgemeine Mietbedingungen Jede Vermietung ist namentlich. Die Person, die die Buchung vornimmt, muss vollj\u00e4hrig sein. Buchungsanfragen, die minderj\u00e4hrige Kinder beinhalten, die nicht von einem direkten Erziehungsberechtigten (Vater, Mutter oder Gro\u00dfeltern) begleitet werden, werden abgelehnt. In der Beschreibung wird dem Kunden die maximale Anzahl der Schlafpl\u00e4tze in jeder Unterkunft mitgeteilt. Diese Zahl versteht sich f\u00fcr jede [&hellip;]<\/p>\n","protected":false},"author":1,"featured_media":0,"parent":0,"menu_order":0,"comment_status":"closed","ping_status":"open","template":"elementor_header_footer","meta":{"footnotes":""},"class_list":["post-2467","page","type-page","status-publish","hentry"],"yoast_head":"<!-- This site is optimized with the Yoast SEO plugin v21.4 - https:\/\/yoast.com\/wordpress\/plugins\/seo\/ -->\n<title>Allgemeine Mietbedingungen - Etang et village<\/title>\n<meta name=\"robots\" content=\"index, follow, max-snippet:-1, max-image-preview:large, max-video-preview:-1\" \/>\n<link rel=\"canonical\" href=\"https:\/\/etangetvillage.com\/de\/allgemeine-mietbedingungen\/\" \/>\n<meta property=\"og:locale\" content=\"de_DE\" \/>\n<meta property=\"og:type\" content=\"article\" \/>\n<meta property=\"og:title\" content=\"Allgemeine Mietbedingungen - Etang et village\" \/>\n<meta property=\"og:description\" content=\"Allgemeine Mietbedingungen Jede Vermietung ist namentlich. Die Person, die die Buchung vornimmt, muss vollj\u00e4hrig sein. Buchungsanfragen, die minderj\u00e4hrige Kinder beinhalten, die nicht von einem direkten Erziehungsberechtigten (Vater, Mutter oder Gro\u00dfeltern) begleitet werden, werden abgelehnt. In der Beschreibung wird dem Kunden die maximale Anzahl der Schlafpl\u00e4tze in jeder Unterkunft mitgeteilt. Diese Zahl versteht sich f\u00fcr jede [&hellip;]\" \/>\n<meta property=\"og:url\" content=\"https:\/\/etangetvillage.com\/de\/allgemeine-mietbedingungen\/\" \/>\n<meta property=\"og:site_name\" content=\"Etang et village\" \/>\n<meta property=\"article:modified_time\" content=\"2024-06-04T09:02:20+00:00\" \/>\n<meta name=\"twitter:card\" content=\"summary_large_image\" \/>\n<meta name=\"twitter:label1\" content=\"Gesch\u00e4tzte Lesezeit\" \/>\n\t<meta name=\"twitter:data1\" content=\"5\u00a0Minuten\" \/>\n<script type=\"application\/ld+json\" class=\"yoast-schema-graph\">{\"@context\":\"https:\/\/schema.org\",\"@graph\":[{\"@type\":\"WebPage\",\"@id\":\"https:\/\/etangetvillage.com\/de\/allgemeine-mietbedingungen\/\",\"url\":\"https:\/\/etangetvillage.com\/de\/allgemeine-mietbedingungen\/\",\"name\":\"Allgemeine Mietbedingungen - Etang et village\",\"isPartOf\":{\"@id\":\"https:\/\/etangetvillage.com\/de\/#website\"},\"datePublished\":\"2023-06-15T11:54:06+00:00\",\"dateModified\":\"2024-06-04T09:02:20+00:00\",\"breadcrumb\":{\"@id\":\"https:\/\/etangetvillage.com\/de\/allgemeine-mietbedingungen\/#breadcrumb\"},\"inLanguage\":\"de\",\"potentialAction\":[{\"@type\":\"ReadAction\",\"target\":[\"https:\/\/etangetvillage.com\/de\/allgemeine-mietbedingungen\/\"]}]},{\"@type\":\"BreadcrumbList\",\"@id\":\"https:\/\/etangetvillage.com\/de\/allgemeine-mietbedingungen\/#breadcrumb\",\"itemListElement\":[{\"@type\":\"ListItem\",\"position\":1,\"name\":\"Accueil\",\"item\":\"https:\/\/etangetvillage.com\/de\/\"},{\"@type\":\"ListItem\",\"position\":2,\"name\":\"Allgemeine Mietbedingungen\"}]},{\"@type\":\"WebSite\",\"@id\":\"https:\/\/etangetvillage.com\/de\/#website\",\"url\":\"https:\/\/etangetvillage.com\/de\/\",\"name\":\"Etang et village\",\"description\":\"\",\"potentialAction\":[{\"@type\":\"SearchAction\",\"target\":{\"@type\":\"EntryPoint\",\"urlTemplate\":\"https:\/\/etangetvillage.com\/de\/?s={search_term_string}\"},\"query-input\":\"required name=search_term_string\"}],\"inLanguage\":\"de\"}]}<\/script>\n<!-- \/ Yoast SEO plugin. -->","yoast_head_json":{"title":"Allgemeine Mietbedingungen - Etang et village","robots":{"index":"index","follow":"follow","max-snippet":"max-snippet:-1","max-image-preview":"max-image-preview:large","max-video-preview":"max-video-preview:-1"},"canonical":"https:\/\/etangetvillage.com\/de\/allgemeine-mietbedingungen\/","og_locale":"de_DE","og_type":"article","og_title":"Allgemeine Mietbedingungen - Etang et village","og_description":"Allgemeine Mietbedingungen Jede Vermietung ist namentlich. Die Person, die die Buchung vornimmt, muss vollj\u00e4hrig sein. Buchungsanfragen, die minderj\u00e4hrige Kinder beinhalten, die nicht von einem direkten Erziehungsberechtigten (Vater, Mutter oder Gro\u00dfeltern) begleitet werden, werden abgelehnt. In der Beschreibung wird dem Kunden die maximale Anzahl der Schlafpl\u00e4tze in jeder Unterkunft mitgeteilt. Diese Zahl versteht sich f\u00fcr jede [&hellip;]","og_url":"https:\/\/etangetvillage.com\/de\/allgemeine-mietbedingungen\/","og_site_name":"Etang et village","article_modified_time":"2024-06-04T09:02:20+00:00","twitter_card":"summary_large_image","twitter_misc":{"Gesch\u00e4tzte Lesezeit":"5\u00a0Minuten"},"schema":{"@context":"https:\/\/schema.org","@graph":[{"@type":"WebPage","@id":"https:\/\/etangetvillage.com\/de\/allgemeine-mietbedingungen\/","url":"https:\/\/etangetvillage.com\/de\/allgemeine-mietbedingungen\/","name":"Allgemeine Mietbedingungen - Etang et village","isPartOf":{"@id":"https:\/\/etangetvillage.com\/de\/#website"},"datePublished":"2023-06-15T11:54:06+00:00","dateModified":"2024-06-04T09:02:20+00:00","breadcrumb":{"@id":"https:\/\/etangetvillage.com\/de\/allgemeine-mietbedingungen\/#breadcrumb"},"inLanguage":"de","potentialAction":[{"@type":"ReadAction","target":["https:\/\/etangetvillage.com\/de\/allgemeine-mietbedingungen\/"]}]},{"@type":"BreadcrumbList","@id":"https:\/\/etangetvillage.com\/de\/allgemeine-mietbedingungen\/#breadcrumb","itemListElement":[{"@type":"ListItem","position":1,"name":"Accueil","item":"https:\/\/etangetvillage.com\/de\/"},{"@type":"ListItem","position":2,"name":"Allgemeine Mietbedingungen"}]},{"@type":"WebSite","@id":"https:\/\/etangetvillage.com\/de\/#website","url":"https:\/\/etangetvillage.com\/de\/","name":"Etang et village","description":"","potentialAction":[{"@type":"SearchAction","target":{"@type":"EntryPoint","urlTemplate":"https:\/\/etangetvillage.com\/de\/?s={search_term_string}"},"query-input":"required name=search_term_string"}],"inLanguage":"de"}]}},"_links":{"self":[{"href":"https:\/\/etangetvillage.com\/de\/wp-json\/wp\/v2\/pages\/2467","targetHints":{"allow":["GET"]}}],"collection":[{"href":"https:\/\/etangetvillage.com\/de\/wp-json\/wp\/v2\/pages"}],"about":[{"href":"https:\/\/etangetvillage.com\/de\/wp-json\/wp\/v2\/types\/page"}],"author":[{"embeddable":true,"href":"https:\/\/etangetvillage.com\/de\/wp-json\/wp\/v2\/users\/1"}],"replies":[{"embeddable":true,"href":"https:\/\/etangetvillage.com\/de\/wp-json\/wp\/v2\/comments?post=2467"}],"version-history":[{"count":4,"href":"https:\/\/etangetvillage.com\/de\/wp-json\/wp\/v2\/pages\/2467\/revisions"}],"predecessor-version":[{"id":2969,"href":"https:\/\/etangetvillage.com\/de\/wp-json\/wp\/v2\/pages\/2467\/revisions\/2969"}],"wp:attachment":[{"href":"https:\/\/etangetvillage.com\/de\/wp-json\/wp\/v2\/media?parent=2467"}],"curies":[{"name":"wp","href":"https:\/\/api.w.org\/{rel}","templated":true}]}}