{"id":2506,"date":"2023-09-22T12:58:30","date_gmt":"2023-09-22T10:58:30","guid":{"rendered":"https:\/\/etangetvillage.com\/rechtliche-hinweise\/"},"modified":"2024-06-11T21:45:38","modified_gmt":"2024-06-11T19:45:38","slug":"rechtliche-hinweise","status":"publish","type":"page","link":"https:\/\/etangetvillage.com\/de\/rechtliche-hinweise\/","title":{"rendered":"Rechtliche Hinweise"},"content":{"rendered":"\t\t<div data-elementor-type=\"wp-page\" data-elementor-id=\"2506\" class=\"elementor elementor-2506 elementor-2447\" data-elementor-post-type=\"page\">\n\t\t\t\t\t\t\t\t\t<section class=\"elementor-section elementor-top-section elementor-element elementor-element-7144cc5 elementor-section-full_width elementor-section-height-min-height elementor-section-height-default elementor-section-items-middle\" data-id=\"7144cc5\" data-element_type=\"section\" data-settings=\"{&quot;background_background&quot;:&quot;classic&quot;}\">\n\t\t\t\t\t\t\t<div class=\"elementor-background-overlay\"><\/div>\n\t\t\t\t\t\t\t<div class=\"elementor-container elementor-column-gap-default\">\n\t\t\t\t\t<div class=\"elementor-column elementor-col-100 elementor-top-column elementor-element elementor-element-903ee68\" data-id=\"903ee68\" data-element_type=\"column\">\n\t\t\t<div class=\"elementor-widget-wrap elementor-element-populated\">\n\t\t\t\t\t\t\t\t<div class=\"elementor-element elementor-element-303967a elementor-widget elementor-widget-heading\" data-id=\"303967a\" data-element_type=\"widget\" data-widget_type=\"heading.default\">\n\t\t\t\t<div class=\"elementor-widget-container\">\n\t\t\t<style>\/*! elementor - v3.16.0 - 09-10-2023 *\/\n.elementor-heading-title{padding:0;margin:0;line-height:1}.elementor-widget-heading .elementor-heading-title[class*=elementor-size-]>a{color:inherit;font-size:inherit;line-height:inherit}.elementor-widget-heading .elementor-heading-title.elementor-size-small{font-size:15px}.elementor-widget-heading .elementor-heading-title.elementor-size-medium{font-size:19px}.elementor-widget-heading .elementor-heading-title.elementor-size-large{font-size:29px}.elementor-widget-heading .elementor-heading-title.elementor-size-xl{font-size:39px}.elementor-widget-heading .elementor-heading-title.elementor-size-xxl{font-size:59px}<\/style><h1 class=\"elementor-heading-title elementor-size-default\">Rechtliche Hinweise<\/h1>\t\t<\/div>\n\t\t\t\t<\/div>\n\t\t\t\t\t<\/div>\n\t\t<\/div>\n\t\t\t\t\t\t\t<\/div>\n\t\t<\/section>\n\t\t\t\t<section class=\"elementor-section elementor-top-section elementor-element elementor-element-e8409f0 elementor-section-boxed elementor-section-height-default elementor-section-height-default\" data-id=\"e8409f0\" data-element_type=\"section\">\n\t\t\t\t\t\t<div class=\"elementor-container elementor-column-gap-default\">\n\t\t\t\t\t<div class=\"elementor-column elementor-col-100 elementor-top-column elementor-element elementor-element-8e71234\" data-id=\"8e71234\" data-element_type=\"column\">\n\t\t\t<div class=\"elementor-widget-wrap elementor-element-populated\">\n\t\t\t\t\t\t\t\t<div class=\"elementor-element elementor-element-fa83244 elementor-widget elementor-widget-text-editor\" data-id=\"fa83244\" data-element_type=\"widget\" data-widget_type=\"text-editor.default\">\n\t\t\t\t<div class=\"elementor-widget-container\">\n\t\t\t<style>\/*! elementor - v3.16.0 - 09-10-2023 *\/\n.elementor-widget-text-editor.elementor-drop-cap-view-stacked .elementor-drop-cap{background-color:#69727d;color:#fff}.elementor-widget-text-editor.elementor-drop-cap-view-framed .elementor-drop-cap{color:#69727d;border:3px solid;background-color:transparent}.elementor-widget-text-editor:not(.elementor-drop-cap-view-default) .elementor-drop-cap{margin-top:8px}.elementor-widget-text-editor:not(.elementor-drop-cap-view-default) .elementor-drop-cap-letter{width:1em;height:1em}.elementor-widget-text-editor .elementor-drop-cap{float:left;text-align:center;line-height:1;font-size:50px}.elementor-widget-text-editor .elementor-drop-cap-letter{display:inline-block}<\/style>\t\t\t\t<p>In \u00dcbereinstimmung mit den Verpflichtungen aus Artikel 6-III und 19 des Gesetzes Nr. 2004-575 vom 21. Juni 2004 \u00fcber das Vertrauen in die digitale Wirtschaft, genannt L.C.E.N., bringen wir den Nutzern der Website: etangetvillage.com die folgenden Informationen zur Kenntnis:<\/p>\n\t\t\t\t\t\t<\/div>\n\t\t\t\t<\/div>\n\t\t\t\t<div class=\"elementor-element elementor-element-92fe23e elementor-widget elementor-widget-heading\" data-id=\"92fe23e\" data-element_type=\"widget\" data-widget_type=\"heading.default\">\n\t\t\t\t<div class=\"elementor-widget-container\">\n\t\t\t<h2 class=\"elementor-heading-title elementor-size-default\">1. Rechtliche Erkl\u00e4rungen .<\/h2>\t\t<\/div>\n\t\t\t\t<\/div>\n\t\t\t\t<div class=\"elementor-element elementor-element-82394f3 elementor-widget elementor-widget-text-editor\" data-id=\"82394f3\" data-element_type=\"widget\" data-widget_type=\"text-editor.default\">\n\t\t\t\t<div class=\"elementor-widget-container\">\n\t\t\t\t\t\t\t<p>Die Website etangetvillage.com ist das ausschlie\u00dfliche Eigentum von PICTOPAUSE SARL , die sie herausgibt.<\/p><p>PICTOPAUSE GMBH &#8211; N*TEL: 05 00 00 00<\/p><p>Rue de l&#8217;\u00c9tang, 79310 Verruyes<br \/>Eingetragen im Handels- und Gesellschaftsregister(RCS) unter der Nummer 90982515000016<\/p><p>Intrakommunale Umsatzsteuer-Identifikationsnummer: FR28909825150<br \/>Mail: contact@etangetvillage.com<\/p><p>Der Sponsor der Website ist: Laurence Poussot &#8211; Gesellschaft PICTOPAUSE<br \/>Die Leiterin der Ver\u00f6ffentlichung ist: Laurence Poussot<br \/>Auf welchem Weg erreichen Sie die Herausgeberin: contact@etangetvillage.com<\/p><p>Der Regisseur ist: Die Firma BLIXI<br \/>Auf welchem Weg ist der Regisseur zu erreichen: anthony[at]blixi.fr Webmaster &amp; site creation la rochelle<\/p><p>Hoster: OVH<br \/>SAS<br \/>RCS Lille M\u00e9tropole 424 761 419 00045<br \/>Code der ausge\u00fcbten Hauptt\u00e4tigkeit (APE) 2620Z<br \/>Num. Umsatzsteuer-Identifikationsnummer: FR 22 424 761 419<br \/>Hauptsitz des Hosting-Anbieters: 2 rue Kellermann &#8211; 59100 Roubaix &#8211; Frankreich<\/p>\t\t\t\t\t\t<\/div>\n\t\t\t\t<\/div>\n\t\t\t\t<div class=\"elementor-element elementor-element-fa3cf9e elementor-widget elementor-widget-heading\" data-id=\"fa3cf9e\" data-element_type=\"widget\" data-widget_type=\"heading.default\">\n\t\t\t\t<div class=\"elementor-widget-container\">\n\t\t\t<h2 class=\"elementor-heading-title elementor-size-default\">2. Vorstellung und Prinzip :<\/h2>\t\t<\/div>\n\t\t\t\t<\/div>\n\t\t\t\t<div class=\"elementor-element elementor-element-31319b5 elementor-widget elementor-widget-text-editor\" data-id=\"31319b5\" data-element_type=\"widget\" data-widget_type=\"text-editor.default\">\n\t\t\t\t<div class=\"elementor-widget-container\">\n\t\t\t\t\t\t\tJeder Internetnutzer, der die Internetseite: etangetvillage.com nutzt, wird als Nutzer der folgenden Seite betrachtet.\nDie Website etangetvillage.com vereint mehrere Dienste, die in ihrem Zustand den Nutzern zur Verf\u00fcgung gestellt werden. Es wird darauf hingewiesen, dass diese h\u00f6flich bleiben und sowohl gegen\u00fcber den anderen Nutzern als auch gegen\u00fcber dem Webmaster der Website etangetvillage.com guten Glauben zeigen m\u00fcssen. Die Website etangetvillage.com wird regelm\u00e4\u00dfig von der Firma BLIXI und der Firma PICTOPAUSE aktualisiert.\nLaurence Poussot bem\u00fcht sich, auf der Website etangetvillage.com m\u00f6glichst wahrheitsgetreue Informationen anzubieten (vorbehaltlich der \u00c4nderungen, die seit ihrer Online-Schaltung vorgenommen wurden), kann jedoch nicht f\u00fcr die Richtigkeit, Vollst\u00e4ndigkeit und die auf ihrer Website verbreiteten Informationen garantieren, weder durch sie selbst noch durch dritte Partner, die ihr diese Informationen zur Verf\u00fcgung stellen. In Abh\u00e4ngigkeit erkennt der Nutzer an, dass er diese gegebenen Informationen unter seiner alleinigen Verantwortung nutzt.\t\t\t\t\t\t<\/div>\n\t\t\t\t<\/div>\n\t\t\t\t<div class=\"elementor-element elementor-element-e43dc2c elementor-widget elementor-widget-heading\" data-id=\"e43dc2c\" data-element_type=\"widget\" data-widget_type=\"heading.default\">\n\t\t\t\t<div class=\"elementor-widget-container\">\n\t\t\t<h2 class=\"elementor-heading-title elementor-size-default\">3. Digitale Zug\u00e4nglichkeit :<\/h2>\t\t<\/div>\n\t\t\t\t<\/div>\n\t\t\t\t<div class=\"elementor-element elementor-element-0a5d1f8 elementor-widget elementor-widget-text-editor\" data-id=\"0a5d1f8\" data-element_type=\"widget\" data-widget_type=\"text-editor.default\">\n\t\t\t\t<div class=\"elementor-widget-container\">\n\t\t\t\t\t\t\t<p>Die folgende Website etangetvillage.com ist f\u00fcr die Nutzer im Allgemeinen 24 Stunden am Tag, 7 Tage die Woche zug\u00e4nglich, au\u00dfer im Falle von geplanten oder ungeplanten Wartungsarbeiten, f\u00fcr Aktualisierungszwecke oder h\u00f6here Gewalt. Im Falle einer nicht verf\u00fcgbaren Dienstleistung wird etangetvillage.com sein Bestes tun, um den Zugang zur Website wiederherzustellen und wird dann versuchen, die Nutzer vorab \u00fcber die Daten und Zeiten der Unterbrechung zu informieren. Da etangetvillage.com lediglich eine Geb\u00fchr f\u00fcr die Bereitstellung von Mitteln zu zahlen hat, kann es nicht f\u00fcr Sch\u00e4den jeglicher Art verantwortlich gemacht werden.<\/p>\n\t\t\t\t\t\t<\/div>\n\t\t\t\t<\/div>\n\t\t\t\t<div class=\"elementor-element elementor-element-c65bbd0 elementor-widget elementor-widget-heading\" data-id=\"c65bbd0\" data-element_type=\"widget\" data-widget_type=\"heading.default\">\n\t\t\t\t<div class=\"elementor-widget-container\">\n\t\t\t<h2 class=\"elementor-heading-title elementor-size-default\">4. Recht auf geistiges Eigentum .<\/h2>\t\t<\/div>\n\t\t\t\t<\/div>\n\t\t\t\t<div class=\"elementor-element elementor-element-5510f2a elementor-widget elementor-widget-text-editor\" data-id=\"5510f2a\" data-element_type=\"widget\" data-widget_type=\"text-editor.default\">\n\t\t\t\t<div class=\"elementor-widget-container\">\n\t\t\t\t\t\t\t<p>Laurence Poussot ist alleiniger Eigent\u00fcmer aller geistigen Eigentumsrechte oder besitzt die Rechte und Nutzungsberechtigungen f\u00fcr alle auf der folgenden Website zug\u00e4nglichen Elemente, sowohl f\u00fcr die Struktur als auch f\u00fcr die Texte, Grafiken, Logos, Soundtracks, Software&#8230;<br \/>Jede auch nur teilweise Vervielf\u00e4ltigung der Website etangetvillage.com, Anzeige, \u00c4nderung, vollst\u00e4ndige oder teilweise Anpassung eines dieser Elemente, unabh\u00e4ngig von den verwendeten Mitteln oder Verfahren, ist ohne vorherige schriftliche Genehmigung von Laurence Poussot, Leiterin der Website, unter der E-Mail-Adresse contact@etangetvillage.com verboten, andernfalls wird sie als F\u00e4lschung angesehen und gem\u00e4\u00df den Bestimmungen der Artikel L.335-2 ff. des Gesetzes \u00fcber geistiges Eigentum verfolgt.<\/p><p>Jede Vervielf\u00e4ltigung der Website etangetvillage.com, Darstellung, Bearbeitung, vollst\u00e4ndige oder teilweise Anpassung eines dieser Elemente, ungeachtet des verwendeten Mittels oder der Technik, ist strengstens untersagt, es sei denn, Laurence Poussot, Direktorin der Website, hat dem vorher schriftlich zugestimmt (E-Mail: contact@etangetvillage.com), andernfalls wird sie als F\u00e4lschung angesehen und gem\u00e4\u00df den Bestimmungen der Artikel L.335-2 ff. des franz\u00f6sischen Gesetzbuchs \u00fcber geistiges Eigentum verfolgt.<\/p>\t\t\t\t\t\t<\/div>\n\t\t\t\t<\/div>\n\t\t\t\t<div class=\"elementor-element elementor-element-8b15287 elementor-widget elementor-widget-heading\" data-id=\"8b15287\" data-element_type=\"widget\" data-widget_type=\"heading.default\">\n\t\t\t\t<div class=\"elementor-widget-container\">\n\t\t\t<h2 class=\"elementor-heading-title elementor-size-default\">5. Hyperlinks &amp; Cookies :<\/h2>\t\t<\/div>\n\t\t\t\t<\/div>\n\t\t\t\t<div class=\"elementor-element elementor-element-f05d7eb elementor-widget elementor-widget-text-editor\" data-id=\"f05d7eb\" data-element_type=\"widget\" data-widget_type=\"text-editor.default\">\n\t\t\t\t<div class=\"elementor-widget-container\">\n\t\t\t\t\t\t\t<p>Die folgende Website etangetvillage.com enth\u00e4lt mehrere anklickbare Links zu verschiedenen Websites (Partner, Quellenseiten &#8230;), die mit Zustimmung von Laurence Poussot online gestellt wurden. Laurence Poussot ist jedoch nicht in der Lage, alle Elemente der verschiedenen besuchten Websites zu sichern und lehnt daher die volle Verantwortung f\u00fcr m\u00f6gliche Risiken durch verbotene Inhalte ab.<br \/>Der Nutzer wird darauf hingewiesen, dass w\u00e4hrend seiner Nutzung der Website etangetvillage.com ein oder mehrere Cookies automatisch \u00fcber seine Browser-Software integriert werden k\u00f6nnen. Ein Cookie ist ein Computerdatenblock, der nicht erkennen l\u00e4sst, wer der Nutzer ist, der jedoch Daten \u00fcber die Navigation des Nutzers auf der Website aufzeichnet.  <br \/>Die Einstellung des Browsers l\u00e4sst Ihnen die Freiheit, \u00fcber das Setzen von Cookies zu informieren und diese eventuell abzulehnen, wie es unter etangetvillage.com erkl\u00e4rt wird. ihre Einrichtung. Der Nutzer hat jedoch die M\u00f6glichkeit, den Browser seines PCs so einzustellen, dass er das Setzen von Cookies ablehnt, wobei ihm bewusst ist, dass das Ablehnen des Setzens eines Cookies dazu f\u00fchren kann, dass er auf verschiedene Dienste nicht zugreifen kann.<\/p>\n\t\t\t\t\t\t<\/div>\n\t\t\t\t<\/div>\n\t\t\t\t<div class=\"elementor-element elementor-element-c730e48 elementor-widget elementor-widget-heading\" data-id=\"c730e48\" data-element_type=\"widget\" data-widget_type=\"heading.default\">\n\t\t\t\t<div class=\"elementor-widget-container\">\n\t\t\t<h2 class=\"elementor-heading-title elementor-size-default\">6. Schutz von Eigentum und Personen - Umgang mit pers\u00f6nlichen Daten .<\/h2>\t\t<\/div>\n\t\t\t\t<\/div>\n\t\t\t\t<div class=\"elementor-element elementor-element-8236a19 elementor-widget elementor-widget-text-editor\" data-id=\"8236a19\" data-element_type=\"widget\" data-widget_type=\"text-editor.default\">\n\t\t\t\t<div class=\"elementor-widget-container\">\n\t\t\t\t\t\t\t<p>In Frankreich werden personenbezogene Daten insbesondere durch das Gesetz Nr. 78-87 vom 6. Januar 1978 oder das Gesetz Nr. 2004-801 vom 6. August 2004, Artikel L. 226-13 des Strafgesetzbuches und die Europ\u00e4ische Richtlinie vom 24. Oktober 1995 gesch\u00fctzt.<\/p>\n<p>Auf der folgenden Website etangetvillage.com und gem\u00e4\u00df Artikel 4 des Gesetzes Nr. 78-17 vom 06. Januar 1978 stellt der Nutzer die Informationen in voller Kenntnis der Sachlage bereit, insbesondere wenn er die Eingabe selbst vornimmt. Dem Nutzer der internen Website etangetvillage.com wird dann mitgeteilt, ob er diese Daten angeben muss oder nicht.<br>In \u00dcbereinstimmung mit den Bestimmungen der Artikel 38 und anderen des Gesetzes 78-17 vom 6. Januar 1978 \u00fcber Informatik, Dateien und verschiedene Freiheiten hat jeder Nutzer das Recht, auf Informationen zuzugreifen, sie zu berichtigen, zu l\u00f6schen und Einspruch gegen sie betreffende pers\u00f6nliche Informationen zu erheben. Um dieses Recht auszu\u00fcben, senden Sie eine Anfrage an etangetvillage.com per E-Mail: contact@etangetvillage.com oder schriftlich, ordnungsgem\u00e4\u00df unterschrieben, mit einer Kopie des Personalausweises und einer Unterschrift des Eigent\u00fcmers des Dokuments, unter Angabe der Adresse, an die eine Antwort zur\u00fcckgeschickt werden soll.<\/p>\n<p>Keine pers\u00f6nliche Information des Nutzers der internen Website etangetvillage.com wird ohne Zustimmung des Nutzers ver\u00f6ffentlicht, ausgetauscht, \u00fcbertragen oder auf einem beliebigen Datentr\u00e4ger an Dritte weitergegeben. Nur die Hypothese des Verkaufs der Website etangetvillage.com und ihrer Rechte berechtigt Laurence Poussot dazu, die Informationen an den eventuellen Erwerber weiterzugeben, der seinerseits an die gleiche Aufbewahrungspflicht und \u00c4nderung der Informationen \u00fcber den Nutzer der Website etangetvillage.com gebunden ist.<br>Die Website etangetvillage.com ist mit der DSGVO konform.<\/p>\n<p>Die Datenbanken sind durch die Regeln des Gesetzes vom 1. Juli 1998 gesch\u00fctzt, das damit die Richtlinie 96\/9 vom 11. M\u00e4rz 1996 \u00fcber den rechtlichen Schutz von Datenbanken umsetzt.<\/p>\t\t\t\t\t\t<\/div>\n\t\t\t\t<\/div>\n\t\t\t\t\t<\/div>\n\t\t<\/div>\n\t\t\t\t\t\t\t<\/div>\n\t\t<\/section>\n\t\t\t\t\t\t\t<\/div>\n\t\t","protected":false},"excerpt":{"rendered":"<p>Rechtliche Hinweise In \u00dcbereinstimmung mit den Verpflichtungen aus Artikel 6-III und 19 des Gesetzes Nr. 2004-575 vom 21. Juni 2004 \u00fcber das Vertrauen in die digitale Wirtschaft, genannt L.C.E.N., bringen wir den Nutzern der Website: etangetvillage.com die folgenden Informationen zur Kenntnis: 1. Rechtliche Erkl\u00e4rungen . Die Website etangetvillage.com ist das ausschlie\u00dfliche Eigentum von PICTOPAUSE SARL [&hellip;]<\/p>\n","protected":false},"author":1,"featured_media":0,"parent":0,"menu_order":0,"comment_status":"closed","ping_status":"closed","template":"elementor_header_footer","meta":{"footnotes":""},"class_list":["post-2506","page","type-page","status-publish","hentry"],"yoast_head":"<!-- This site is optimized with the Yoast SEO plugin v21.4 - https:\/\/yoast.com\/wordpress\/plugins\/seo\/ -->\n<title>Rechtliche Hinweise - Etang et village<\/title>\n<meta name=\"robots\" content=\"index, follow, max-snippet:-1, max-image-preview:large, max-video-preview:-1\" \/>\n<link rel=\"canonical\" href=\"https:\/\/etangetvillage.com\/de\/rechtliche-hinweise\/\" \/>\n<meta property=\"og:locale\" content=\"de_DE\" \/>\n<meta property=\"og:type\" content=\"article\" \/>\n<meta property=\"og:title\" content=\"Rechtliche Hinweise - Etang et village\" \/>\n<meta property=\"og:description\" content=\"Rechtliche Hinweise In \u00dcbereinstimmung mit den Verpflichtungen aus Artikel 6-III und 19 des Gesetzes Nr. 2004-575 vom 21. Juni 2004 \u00fcber das Vertrauen in die digitale Wirtschaft, genannt L.C.E.N., bringen wir den Nutzern der Website: etangetvillage.com die folgenden Informationen zur Kenntnis: 1. Rechtliche Erkl\u00e4rungen . Die Website etangetvillage.com ist das ausschlie\u00dfliche Eigentum von PICTOPAUSE SARL [&hellip;]\" \/>\n<meta property=\"og:url\" content=\"https:\/\/etangetvillage.com\/de\/rechtliche-hinweise\/\" \/>\n<meta property=\"og:site_name\" content=\"Etang et village\" \/>\n<meta property=\"article:modified_time\" content=\"2024-06-11T19:45:38+00:00\" \/>\n<meta name=\"twitter:card\" content=\"summary_large_image\" \/>\n<meta name=\"twitter:label1\" content=\"Gesch\u00e4tzte Lesezeit\" \/>\n\t<meta name=\"twitter:data1\" content=\"6\u00a0Minuten\" \/>\n<script type=\"application\/ld+json\" class=\"yoast-schema-graph\">{\"@context\":\"https:\/\/schema.org\",\"@graph\":[{\"@type\":\"WebPage\",\"@id\":\"https:\/\/etangetvillage.com\/de\/rechtliche-hinweise\/\",\"url\":\"https:\/\/etangetvillage.com\/de\/rechtliche-hinweise\/\",\"name\":\"Rechtliche Hinweise - Etang et village\",\"isPartOf\":{\"@id\":\"https:\/\/etangetvillage.com\/de\/#website\"},\"datePublished\":\"2023-09-22T10:58:30+00:00\",\"dateModified\":\"2024-06-11T19:45:38+00:00\",\"breadcrumb\":{\"@id\":\"https:\/\/etangetvillage.com\/de\/rechtliche-hinweise\/#breadcrumb\"},\"inLanguage\":\"de\",\"potentialAction\":[{\"@type\":\"ReadAction\",\"target\":[\"https:\/\/etangetvillage.com\/de\/rechtliche-hinweise\/\"]}]},{\"@type\":\"BreadcrumbList\",\"@id\":\"https:\/\/etangetvillage.com\/de\/rechtliche-hinweise\/#breadcrumb\",\"itemListElement\":[{\"@type\":\"ListItem\",\"position\":1,\"name\":\"Accueil\",\"item\":\"https:\/\/etangetvillage.com\/de\/\"},{\"@type\":\"ListItem\",\"position\":2,\"name\":\"Rechtliche Hinweise\"}]},{\"@type\":\"WebSite\",\"@id\":\"https:\/\/etangetvillage.com\/de\/#website\",\"url\":\"https:\/\/etangetvillage.com\/de\/\",\"name\":\"Etang et village\",\"description\":\"\",\"potentialAction\":[{\"@type\":\"SearchAction\",\"target\":{\"@type\":\"EntryPoint\",\"urlTemplate\":\"https:\/\/etangetvillage.com\/de\/?s={search_term_string}\"},\"query-input\":\"required name=search_term_string\"}],\"inLanguage\":\"de\"}]}<\/script>\n<!-- \/ Yoast SEO plugin. -->","yoast_head_json":{"title":"Rechtliche Hinweise - Etang et village","robots":{"index":"index","follow":"follow","max-snippet":"max-snippet:-1","max-image-preview":"max-image-preview:large","max-video-preview":"max-video-preview:-1"},"canonical":"https:\/\/etangetvillage.com\/de\/rechtliche-hinweise\/","og_locale":"de_DE","og_type":"article","og_title":"Rechtliche Hinweise - Etang et village","og_description":"Rechtliche Hinweise In \u00dcbereinstimmung mit den Verpflichtungen aus Artikel 6-III und 19 des Gesetzes Nr. 2004-575 vom 21. Juni 2004 \u00fcber das Vertrauen in die digitale Wirtschaft, genannt L.C.E.N., bringen wir den Nutzern der Website: etangetvillage.com die folgenden Informationen zur Kenntnis: 1. Rechtliche Erkl\u00e4rungen . Die Website etangetvillage.com ist das ausschlie\u00dfliche Eigentum von PICTOPAUSE SARL [&hellip;]","og_url":"https:\/\/etangetvillage.com\/de\/rechtliche-hinweise\/","og_site_name":"Etang et village","article_modified_time":"2024-06-11T19:45:38+00:00","twitter_card":"summary_large_image","twitter_misc":{"Gesch\u00e4tzte Lesezeit":"6\u00a0Minuten"},"schema":{"@context":"https:\/\/schema.org","@graph":[{"@type":"WebPage","@id":"https:\/\/etangetvillage.com\/de\/rechtliche-hinweise\/","url":"https:\/\/etangetvillage.com\/de\/rechtliche-hinweise\/","name":"Rechtliche Hinweise - Etang et village","isPartOf":{"@id":"https:\/\/etangetvillage.com\/de\/#website"},"datePublished":"2023-09-22T10:58:30+00:00","dateModified":"2024-06-11T19:45:38+00:00","breadcrumb":{"@id":"https:\/\/etangetvillage.com\/de\/rechtliche-hinweise\/#breadcrumb"},"inLanguage":"de","potentialAction":[{"@type":"ReadAction","target":["https:\/\/etangetvillage.com\/de\/rechtliche-hinweise\/"]}]},{"@type":"BreadcrumbList","@id":"https:\/\/etangetvillage.com\/de\/rechtliche-hinweise\/#breadcrumb","itemListElement":[{"@type":"ListItem","position":1,"name":"Accueil","item":"https:\/\/etangetvillage.com\/de\/"},{"@type":"ListItem","position":2,"name":"Rechtliche Hinweise"}]},{"@type":"WebSite","@id":"https:\/\/etangetvillage.com\/de\/#website","url":"https:\/\/etangetvillage.com\/de\/","name":"Etang et village","description":"","potentialAction":[{"@type":"SearchAction","target":{"@type":"EntryPoint","urlTemplate":"https:\/\/etangetvillage.com\/de\/?s={search_term_string}"},"query-input":"required name=search_term_string"}],"inLanguage":"de"}]}},"_links":{"self":[{"href":"https:\/\/etangetvillage.com\/de\/wp-json\/wp\/v2\/pages\/2506","targetHints":{"allow":["GET"]}}],"collection":[{"href":"https:\/\/etangetvillage.com\/de\/wp-json\/wp\/v2\/pages"}],"about":[{"href":"https:\/\/etangetvillage.com\/de\/wp-json\/wp\/v2\/types\/page"}],"author":[{"embeddable":true,"href":"https:\/\/etangetvillage.com\/de\/wp-json\/wp\/v2\/users\/1"}],"replies":[{"embeddable":true,"href":"https:\/\/etangetvillage.com\/de\/wp-json\/wp\/v2\/comments?post=2506"}],"version-history":[{"count":8,"href":"https:\/\/etangetvillage.com\/de\/wp-json\/wp\/v2\/pages\/2506\/revisions"}],"predecessor-version":[{"id":3584,"href":"https:\/\/etangetvillage.com\/de\/wp-json\/wp\/v2\/pages\/2506\/revisions\/3584"}],"wp:attachment":[{"href":"https:\/\/etangetvillage.com\/de\/wp-json\/wp\/v2\/media?parent=2506"}],"curies":[{"name":"wp","href":"https:\/\/api.w.org\/{rel}","templated":true}]}}