{"id":2529,"date":"2023-09-22T11:56:29","date_gmt":"2023-09-22T09:56:29","guid":{"rendered":"https:\/\/etangetvillage.com\/bedingungen-fuer-die-aufnahme-von-tieren\/"},"modified":"2024-06-04T11:01:50","modified_gmt":"2024-06-04T09:01:50","slug":"bedingungen-fuer-die-aufnahme-von-tieren","status":"publish","type":"page","link":"https:\/\/etangetvillage.com\/de\/bedingungen-fuer-die-aufnahme-von-tieren\/","title":{"rendered":"Bedingungen f\u00fcr die Aufnahme von Tieren"},"content":{"rendered":"\t\t<div data-elementor-type=\"wp-page\" data-elementor-id=\"2529\" class=\"elementor elementor-2529 elementor-2427\" data-elementor-post-type=\"page\">\n\t\t\t\t\t\t\t\t\t<section class=\"elementor-section elementor-top-section elementor-element elementor-element-496680b elementor-section-full_width elementor-section-height-min-height elementor-section-height-default elementor-section-items-middle\" data-id=\"496680b\" data-element_type=\"section\" data-settings=\"{&quot;background_background&quot;:&quot;classic&quot;}\">\n\t\t\t\t\t\t\t<div class=\"elementor-background-overlay\"><\/div>\n\t\t\t\t\t\t\t<div class=\"elementor-container elementor-column-gap-default\">\n\t\t\t\t\t<div class=\"elementor-column elementor-col-100 elementor-top-column elementor-element elementor-element-60e9989\" data-id=\"60e9989\" data-element_type=\"column\">\n\t\t\t<div class=\"elementor-widget-wrap elementor-element-populated\">\n\t\t\t\t\t\t\t\t<div class=\"elementor-element elementor-element-35b5583 elementor-widget elementor-widget-heading\" data-id=\"35b5583\" data-element_type=\"widget\" data-widget_type=\"heading.default\">\n\t\t\t\t<div class=\"elementor-widget-container\">\n\t\t\t<style>\/*! elementor - v3.16.0 - 09-10-2023 *\/\n.elementor-heading-title{padding:0;margin:0;line-height:1}.elementor-widget-heading .elementor-heading-title[class*=elementor-size-]>a{color:inherit;font-size:inherit;line-height:inherit}.elementor-widget-heading .elementor-heading-title.elementor-size-small{font-size:15px}.elementor-widget-heading .elementor-heading-title.elementor-size-medium{font-size:19px}.elementor-widget-heading .elementor-heading-title.elementor-size-large{font-size:29px}.elementor-widget-heading .elementor-heading-title.elementor-size-xl{font-size:39px}.elementor-widget-heading .elementor-heading-title.elementor-size-xxl{font-size:59px}<\/style><h1 class=\"elementor-heading-title elementor-size-default\">Aufnahme von Tieren  <br>Gesch\u00e4ftsordnung<\/h1>\t\t<\/div>\n\t\t\t\t<\/div>\n\t\t\t\t\t<\/div>\n\t\t<\/div>\n\t\t\t\t\t\t\t<\/div>\n\t\t<\/section>\n\t\t\t\t<section class=\"elementor-section elementor-top-section elementor-element elementor-element-1ab715f elementor-section-boxed elementor-section-height-default elementor-section-height-default\" data-id=\"1ab715f\" data-element_type=\"section\">\n\t\t\t\t\t\t<div class=\"elementor-container elementor-column-gap-default\">\n\t\t\t\t\t<div class=\"elementor-column elementor-col-100 elementor-top-column elementor-element elementor-element-736597e\" data-id=\"736597e\" data-element_type=\"column\">\n\t\t\t<div class=\"elementor-widget-wrap elementor-element-populated\">\n\t\t\t\t\t\t\t\t<div class=\"elementor-element elementor-element-7512c7f elementor-widget elementor-widget-heading\" data-id=\"7512c7f\" data-element_type=\"widget\" data-widget_type=\"heading.default\">\n\t\t\t\t<div class=\"elementor-widget-container\">\n\t\t\t<h2 class=\"elementor-heading-title elementor-size-default\">Vor der Ankunft in der Unterkunft :<\/h2>\t\t<\/div>\n\t\t\t\t<\/div>\n\t\t\t\t<div class=\"elementor-element elementor-element-09f2a1c elementor-widget-divider--view-line elementor-widget elementor-widget-divider\" data-id=\"09f2a1c\" data-element_type=\"widget\" data-widget_type=\"divider.default\">\n\t\t\t\t<div class=\"elementor-widget-container\">\n\t\t\t<style>\/*! elementor - v3.16.0 - 09-10-2023 *\/\n.elementor-widget-divider{--divider-border-style:none;--divider-border-width:1px;--divider-color:#0c0d0e;--divider-icon-size:20px;--divider-element-spacing:10px;--divider-pattern-height:24px;--divider-pattern-size:20px;--divider-pattern-url:none;--divider-pattern-repeat:repeat-x}.elementor-widget-divider .elementor-divider{display:flex}.elementor-widget-divider .elementor-divider__text{font-size:15px;line-height:1;max-width:95%}.elementor-widget-divider .elementor-divider__element{margin:0 var(--divider-element-spacing);flex-shrink:0}.elementor-widget-divider .elementor-icon{font-size:var(--divider-icon-size)}.elementor-widget-divider .elementor-divider-separator{display:flex;margin:0;direction:ltr}.elementor-widget-divider--view-line_icon .elementor-divider-separator,.elementor-widget-divider--view-line_text .elementor-divider-separator{align-items:center}.elementor-widget-divider--view-line_icon .elementor-divider-separator:after,.elementor-widget-divider--view-line_icon .elementor-divider-separator:before,.elementor-widget-divider--view-line_text .elementor-divider-separator:after,.elementor-widget-divider--view-line_text .elementor-divider-separator:before{display:block;content:\"\";border-bottom:0;flex-grow:1;border-top:var(--divider-border-width) var(--divider-border-style) var(--divider-color)}.elementor-widget-divider--element-align-left .elementor-divider .elementor-divider-separator>.elementor-divider__svg:first-of-type{flex-grow:0;flex-shrink:100}.elementor-widget-divider--element-align-left .elementor-divider-separator:before{content:none}.elementor-widget-divider--element-align-left .elementor-divider__element{margin-left:0}.elementor-widget-divider--element-align-right .elementor-divider .elementor-divider-separator>.elementor-divider__svg:last-of-type{flex-grow:0;flex-shrink:100}.elementor-widget-divider--element-align-right .elementor-divider-separator:after{content:none}.elementor-widget-divider--element-align-right .elementor-divider__element{margin-right:0}.elementor-widget-divider:not(.elementor-widget-divider--view-line_text):not(.elementor-widget-divider--view-line_icon) .elementor-divider-separator{border-top:var(--divider-border-width) var(--divider-border-style) var(--divider-color)}.elementor-widget-divider--separator-type-pattern{--divider-border-style:none}.elementor-widget-divider--separator-type-pattern.elementor-widget-divider--view-line .elementor-divider-separator,.elementor-widget-divider--separator-type-pattern:not(.elementor-widget-divider--view-line) .elementor-divider-separator:after,.elementor-widget-divider--separator-type-pattern:not(.elementor-widget-divider--view-line) .elementor-divider-separator:before,.elementor-widget-divider--separator-type-pattern:not([class*=elementor-widget-divider--view]) .elementor-divider-separator{width:100%;min-height:var(--divider-pattern-height);-webkit-mask-size:var(--divider-pattern-size) 100%;mask-size:var(--divider-pattern-size) 100%;-webkit-mask-repeat:var(--divider-pattern-repeat);mask-repeat:var(--divider-pattern-repeat);background-color:var(--divider-color);-webkit-mask-image:var(--divider-pattern-url);mask-image:var(--divider-pattern-url)}.elementor-widget-divider--no-spacing{--divider-pattern-size:auto}.elementor-widget-divider--bg-round{--divider-pattern-repeat:round}.rtl .elementor-widget-divider .elementor-divider__text{direction:rtl}.e-con-inner>.elementor-widget-divider,.e-con>.elementor-widget-divider{width:var(--container-widget-width,100%);--flex-grow:var(--container-widget-flex-grow)}<\/style>\t\t<div class=\"elementor-divider\">\n\t\t\t<span class=\"elementor-divider-separator\">\n\t\t\t\t\t\t<\/span>\n\t\t<\/div>\n\t\t\t\t<\/div>\n\t\t\t\t<\/div>\n\t\t\t\t<div class=\"elementor-element elementor-element-e150318 elementor-widget elementor-widget-text-editor\" data-id=\"e150318\" data-element_type=\"widget\" data-widget_type=\"text-editor.default\">\n\t\t\t\t<div class=\"elementor-widget-container\">\n\t\t\t<style>\/*! elementor - v3.16.0 - 09-10-2023 *\/\n.elementor-widget-text-editor.elementor-drop-cap-view-stacked .elementor-drop-cap{background-color:#69727d;color:#fff}.elementor-widget-text-editor.elementor-drop-cap-view-framed .elementor-drop-cap{color:#69727d;border:3px solid;background-color:transparent}.elementor-widget-text-editor:not(.elementor-drop-cap-view-default) .elementor-drop-cap{margin-top:8px}.elementor-widget-text-editor:not(.elementor-drop-cap-view-default) .elementor-drop-cap-letter{width:1em;height:1em}.elementor-widget-text-editor .elementor-drop-cap{float:left;text-align:center;line-height:1;font-size:50px}.elementor-widget-text-editor .elementor-drop-cap-letter{display:inline-block}<\/style>\t\t\t\t<p>Es ist Pflicht, die Anwesenheit Ihres Haustiers bei der Buchung anzugeben.<\/p>\n<p>Die Anzahl der erlaubten Haustiere ist auf 2 pro Villa begrenzt.<\/p>\n<p>Auf Verlangen des Vermieters muss der Mieter Folgendes vorweisen k\u00f6nnen:<\/p>\n<ul>\n<li>Ein Versicherungsnachweis<\/li>\n<li>Die Identifikations- und Impfbescheinigung des Tieres.<\/li>\n<li>Aktuelle Tollwutimpfung.<\/li>\n<\/ul>\n<p>Beim Betreten des Ferienhauses wird mit dem Mieter eine Bestandsaufnahme durchgef\u00fchrt.<\/p>\n<p>Ein spezieller Tarif wird f\u00fcr die Anwesenheit des\/der Tiere(s) angewandt (bei der Buchung anzugeben): 20 Euro\/Nacht\/Tier f\u00fcr einen Aufenthalt von einer Nacht. 10 Euro\/Nacht\/Tier bei einem Aufenthalt von mehr als einer Nacht .<\/p>\n<p>Ein Hundenapf und ein Sauberkeitsbeutelset werden den Tierbesitzern bei ihrer Ankunft ausgeh\u00e4ndigt.<\/p>\n\t\t\t\t\t\t<\/div>\n\t\t\t\t<\/div>\n\t\t\t\t\t<\/div>\n\t\t<\/div>\n\t\t\t\t\t\t\t<\/div>\n\t\t<\/section>\n\t\t\t\t<section class=\"elementor-section elementor-top-section elementor-element elementor-element-9e6d8bc elementor-section-boxed elementor-section-height-default elementor-section-height-default\" data-id=\"9e6d8bc\" data-element_type=\"section\">\n\t\t\t\t\t\t<div class=\"elementor-container elementor-column-gap-default\">\n\t\t\t\t\t<div class=\"elementor-column elementor-col-100 elementor-top-column elementor-element elementor-element-5df2177\" data-id=\"5df2177\" data-element_type=\"column\">\n\t\t\t<div class=\"elementor-widget-wrap elementor-element-populated\">\n\t\t\t\t\t\t\t\t<div class=\"elementor-element elementor-element-f315a86 elementor-widget elementor-widget-heading\" data-id=\"f315a86\" data-element_type=\"widget\" data-widget_type=\"heading.default\">\n\t\t\t\t<div class=\"elementor-widget-container\">\n\t\t\t<h2 class=\"elementor-heading-title elementor-size-default\">W\u00e4hrend Ihres Aufenthalts :<\/h2>\t\t<\/div>\n\t\t\t\t<\/div>\n\t\t\t\t<div class=\"elementor-element elementor-element-a738b13 elementor-widget-divider--view-line elementor-widget elementor-widget-divider\" data-id=\"a738b13\" data-element_type=\"widget\" data-widget_type=\"divider.default\">\n\t\t\t\t<div class=\"elementor-widget-container\">\n\t\t\t\t\t<div class=\"elementor-divider\">\n\t\t\t<span class=\"elementor-divider-separator\">\n\t\t\t\t\t\t<\/span>\n\t\t<\/div>\n\t\t\t\t<\/div>\n\t\t\t\t<\/div>\n\t\t\t\t<div class=\"elementor-element elementor-element-66f8c79 elementor-widget elementor-widget-text-editor\" data-id=\"66f8c79\" data-element_type=\"widget\" data-widget_type=\"text-editor.default\">\n\t\t\t\t<div class=\"elementor-widget-container\">\n\t\t\t\t\t\t\t<ul>\n<li>Es d\u00fcrfen keine Haustiere allein in der Unterkunft zur\u00fcckgelassen werden.<\/li>\n<li>Haustiere m\u00fcssen jederzeit an der Leine gehalten werden.<\/li>\n<li>Die Federbetten oder Decken der Unterkunft d\u00fcrfen nicht f\u00fcr die Unterbringung von Haustieren verwendet werden.<\/li>\n<li>Sie m\u00fcssen Ihre eigenen Decken f\u00fcr die Betten und Sofas mitbringen, die Ihre Haustiere wahrscheinlich benutzen werden.<\/li>\n<li>Der Mieter ist verpflichtet, die Hinterlassenschaften seiner Tiere jederzeit zu beseitigen.<\/li>\n<li>Wir verstehen, dass es zu materiellen Unf\u00e4llen kommt. Bitte informieren Sie uns, damit wir den Bedarf an Reparaturen oder Ersatz, falls m\u00f6glich, einsch\u00e4tzen k\u00f6nnen, bevor wir unsere jeweiligen Versicherungen einschalten.<\/li>\n<li>Das Ferienhaus muss vom Mieter sauber hinterlassen werden. Er muss besonders auf Haare achten, um keine Spuren f\u00fcr zuk\u00fcnftige Urlauber zu hinterlassen, die m\u00f6glicherweise allergisch sind.<\/li>\n<li>Der Mieter ist f\u00fcr sein Tier und f\u00fcr eventuell verursachte St\u00f6rungen verantwortlich. Bei anhaltenden Bel\u00e4stigungen kann sich der Besitzer des Ferienhauses an die Stadtverwaltung, die Polizeistation oder die Gendarmerie wenden.<\/li>\n<li>Das Gesetz vom 9. Juli 1970 macht die Anwesenheit von Haustieren davon abh\u00e4ngig, dass keine Sch\u00e4den an der Unterkunft und keine St\u00f6rungen f\u00fcr die Bewohner entstehen.<\/li>\n<li>Bei \u00fcberm\u00e4\u00dfigem Bellen oder Besch\u00e4digungen kann die Miete gek\u00fcndigt werden.<\/li>\n<li>Gem\u00e4\u00df Artikel L211-12 werden Angriffshunde ( 1. Kategorie) abgelehnt und in jedem Fall ist das Tragen eines Maulkorbs zu jeder Zeit auf dem Gel\u00e4nde der Unterkunft Pflicht f\u00fcr Hunde der 2. Kategorie) oder jedes andere Tier, das gef\u00e4hrlich sein k\u00f6nnte.<\/li>\n<\/ul>\n<p>Ref: https: <a href=\"https:\/\/agriculture.gouv.fr\/les-chiens-de-categorie-1-et-2-dits-chiens-dangereux\">\/\/agriculture.gouv.fr\/les-chiens-de-categorie-1-et-2-dits-chiens-dangereux<\/a><\/p>\n<p>Diese Regeln m\u00fcssen von allen Tierhaltern bei der Ankunft in der Unterkunft unterschrieben werden.<br \/>Der Eigent\u00fcmer beh\u00e4lt sich das Recht vor, die Vermietung zu k\u00fcndigen, wenn ein Punkt dieser Hausordnung nicht eingehalten wird.<\/p>\n\t\t\t\t\t\t<\/div>\n\t\t\t\t<\/div>\n\t\t\t\t\t<\/div>\n\t\t<\/div>\n\t\t\t\t\t\t\t<\/div>\n\t\t<\/section>\n\t\t\t\t\t\t\t<\/div>\n\t\t","protected":false},"excerpt":{"rendered":"<p>Aufnahme von Tieren Gesch\u00e4ftsordnung Vor der Ankunft in der Unterkunft : Es ist Pflicht, die Anwesenheit Ihres Haustiers bei der Buchung anzugeben. Die Anzahl der erlaubten Haustiere ist auf 2 pro Villa begrenzt. Auf Verlangen des Vermieters muss der Mieter Folgendes vorweisen k\u00f6nnen: Ein Versicherungsnachweis Die Identifikations- und Impfbescheinigung des Tieres. Aktuelle Tollwutimpfung. Beim Betreten [&hellip;]<\/p>\n","protected":false},"author":1,"featured_media":0,"parent":0,"menu_order":0,"comment_status":"closed","ping_status":"closed","template":"elementor_header_footer","meta":{"footnotes":""},"class_list":["post-2529","page","type-page","status-publish","hentry"],"yoast_head":"<!-- This site is optimized with the Yoast SEO plugin v21.4 - https:\/\/yoast.com\/wordpress\/plugins\/seo\/ -->\n<title>Bedingungen f\u00fcr die Aufnahme von Tieren - Etang et village<\/title>\n<meta name=\"robots\" content=\"index, follow, max-snippet:-1, max-image-preview:large, max-video-preview:-1\" \/>\n<link rel=\"canonical\" href=\"https:\/\/etangetvillage.com\/de\/bedingungen-fuer-die-aufnahme-von-tieren\/\" \/>\n<meta property=\"og:locale\" content=\"de_DE\" \/>\n<meta property=\"og:type\" content=\"article\" \/>\n<meta property=\"og:title\" content=\"Bedingungen f\u00fcr die Aufnahme von Tieren - Etang et village\" \/>\n<meta property=\"og:description\" content=\"Aufnahme von Tieren Gesch\u00e4ftsordnung Vor der Ankunft in der Unterkunft : Es ist Pflicht, die Anwesenheit Ihres Haustiers bei der Buchung anzugeben. Die Anzahl der erlaubten Haustiere ist auf 2 pro Villa begrenzt. Auf Verlangen des Vermieters muss der Mieter Folgendes vorweisen k\u00f6nnen: Ein Versicherungsnachweis Die Identifikations- und Impfbescheinigung des Tieres. Aktuelle Tollwutimpfung. Beim Betreten [&hellip;]\" \/>\n<meta property=\"og:url\" content=\"https:\/\/etangetvillage.com\/de\/bedingungen-fuer-die-aufnahme-von-tieren\/\" \/>\n<meta property=\"og:site_name\" content=\"Etang et village\" \/>\n<meta property=\"article:modified_time\" content=\"2024-06-04T09:01:50+00:00\" \/>\n<meta name=\"twitter:card\" content=\"summary_large_image\" \/>\n<meta name=\"twitter:label1\" content=\"Gesch\u00e4tzte Lesezeit\" \/>\n\t<meta name=\"twitter:data1\" content=\"2\u00a0Minuten\" \/>\n<script type=\"application\/ld+json\" class=\"yoast-schema-graph\">{\"@context\":\"https:\/\/schema.org\",\"@graph\":[{\"@type\":\"WebPage\",\"@id\":\"https:\/\/etangetvillage.com\/de\/bedingungen-fuer-die-aufnahme-von-tieren\/\",\"url\":\"https:\/\/etangetvillage.com\/de\/bedingungen-fuer-die-aufnahme-von-tieren\/\",\"name\":\"Bedingungen f\u00fcr die Aufnahme von Tieren - Etang et village\",\"isPartOf\":{\"@id\":\"https:\/\/etangetvillage.com\/de\/#website\"},\"datePublished\":\"2023-09-22T09:56:29+00:00\",\"dateModified\":\"2024-06-04T09:01:50+00:00\",\"breadcrumb\":{\"@id\":\"https:\/\/etangetvillage.com\/de\/bedingungen-fuer-die-aufnahme-von-tieren\/#breadcrumb\"},\"inLanguage\":\"de\",\"potentialAction\":[{\"@type\":\"ReadAction\",\"target\":[\"https:\/\/etangetvillage.com\/de\/bedingungen-fuer-die-aufnahme-von-tieren\/\"]}]},{\"@type\":\"BreadcrumbList\",\"@id\":\"https:\/\/etangetvillage.com\/de\/bedingungen-fuer-die-aufnahme-von-tieren\/#breadcrumb\",\"itemListElement\":[{\"@type\":\"ListItem\",\"position\":1,\"name\":\"Accueil\",\"item\":\"https:\/\/etangetvillage.com\/de\/\"},{\"@type\":\"ListItem\",\"position\":2,\"name\":\"Bedingungen f\u00fcr die Aufnahme von Tieren\"}]},{\"@type\":\"WebSite\",\"@id\":\"https:\/\/etangetvillage.com\/de\/#website\",\"url\":\"https:\/\/etangetvillage.com\/de\/\",\"name\":\"Etang et village\",\"description\":\"\",\"potentialAction\":[{\"@type\":\"SearchAction\",\"target\":{\"@type\":\"EntryPoint\",\"urlTemplate\":\"https:\/\/etangetvillage.com\/de\/?s={search_term_string}\"},\"query-input\":\"required name=search_term_string\"}],\"inLanguage\":\"de\"}]}<\/script>\n<!-- \/ Yoast SEO plugin. -->","yoast_head_json":{"title":"Bedingungen f\u00fcr die Aufnahme von Tieren - Etang et village","robots":{"index":"index","follow":"follow","max-snippet":"max-snippet:-1","max-image-preview":"max-image-preview:large","max-video-preview":"max-video-preview:-1"},"canonical":"https:\/\/etangetvillage.com\/de\/bedingungen-fuer-die-aufnahme-von-tieren\/","og_locale":"de_DE","og_type":"article","og_title":"Bedingungen f\u00fcr die Aufnahme von Tieren - Etang et village","og_description":"Aufnahme von Tieren Gesch\u00e4ftsordnung Vor der Ankunft in der Unterkunft : Es ist Pflicht, die Anwesenheit Ihres Haustiers bei der Buchung anzugeben. Die Anzahl der erlaubten Haustiere ist auf 2 pro Villa begrenzt. Auf Verlangen des Vermieters muss der Mieter Folgendes vorweisen k\u00f6nnen: Ein Versicherungsnachweis Die Identifikations- und Impfbescheinigung des Tieres. Aktuelle Tollwutimpfung. Beim Betreten [&hellip;]","og_url":"https:\/\/etangetvillage.com\/de\/bedingungen-fuer-die-aufnahme-von-tieren\/","og_site_name":"Etang et village","article_modified_time":"2024-06-04T09:01:50+00:00","twitter_card":"summary_large_image","twitter_misc":{"Gesch\u00e4tzte Lesezeit":"2\u00a0Minuten"},"schema":{"@context":"https:\/\/schema.org","@graph":[{"@type":"WebPage","@id":"https:\/\/etangetvillage.com\/de\/bedingungen-fuer-die-aufnahme-von-tieren\/","url":"https:\/\/etangetvillage.com\/de\/bedingungen-fuer-die-aufnahme-von-tieren\/","name":"Bedingungen f\u00fcr die Aufnahme von Tieren - Etang et village","isPartOf":{"@id":"https:\/\/etangetvillage.com\/de\/#website"},"datePublished":"2023-09-22T09:56:29+00:00","dateModified":"2024-06-04T09:01:50+00:00","breadcrumb":{"@id":"https:\/\/etangetvillage.com\/de\/bedingungen-fuer-die-aufnahme-von-tieren\/#breadcrumb"},"inLanguage":"de","potentialAction":[{"@type":"ReadAction","target":["https:\/\/etangetvillage.com\/de\/bedingungen-fuer-die-aufnahme-von-tieren\/"]}]},{"@type":"BreadcrumbList","@id":"https:\/\/etangetvillage.com\/de\/bedingungen-fuer-die-aufnahme-von-tieren\/#breadcrumb","itemListElement":[{"@type":"ListItem","position":1,"name":"Accueil","item":"https:\/\/etangetvillage.com\/de\/"},{"@type":"ListItem","position":2,"name":"Bedingungen f\u00fcr die Aufnahme von Tieren"}]},{"@type":"WebSite","@id":"https:\/\/etangetvillage.com\/de\/#website","url":"https:\/\/etangetvillage.com\/de\/","name":"Etang et village","description":"","potentialAction":[{"@type":"SearchAction","target":{"@type":"EntryPoint","urlTemplate":"https:\/\/etangetvillage.com\/de\/?s={search_term_string}"},"query-input":"required name=search_term_string"}],"inLanguage":"de"}]}},"_links":{"self":[{"href":"https:\/\/etangetvillage.com\/de\/wp-json\/wp\/v2\/pages\/2529","targetHints":{"allow":["GET"]}}],"collection":[{"href":"https:\/\/etangetvillage.com\/de\/wp-json\/wp\/v2\/pages"}],"about":[{"href":"https:\/\/etangetvillage.com\/de\/wp-json\/wp\/v2\/types\/page"}],"author":[{"embeddable":true,"href":"https:\/\/etangetvillage.com\/de\/wp-json\/wp\/v2\/users\/1"}],"replies":[{"embeddable":true,"href":"https:\/\/etangetvillage.com\/de\/wp-json\/wp\/v2\/comments?post=2529"}],"version-history":[{"count":4,"href":"https:\/\/etangetvillage.com\/de\/wp-json\/wp\/v2\/pages\/2529\/revisions"}],"predecessor-version":[{"id":2962,"href":"https:\/\/etangetvillage.com\/de\/wp-json\/wp\/v2\/pages\/2529\/revisions\/2962"}],"wp:attachment":[{"href":"https:\/\/etangetvillage.com\/de\/wp-json\/wp\/v2\/media?parent=2529"}],"curies":[{"name":"wp","href":"https:\/\/api.w.org\/{rel}","templated":true}]}}