{"id":1541,"date":"2023-07-29T16:09:51","date_gmt":"2023-07-29T14:09:51","guid":{"rendered":"https:\/\/etangetvillage.com\/blog\/"},"modified":"2024-06-04T11:01:36","modified_gmt":"2024-06-04T09:01:36","slug":"blog","status":"publish","type":"page","link":"https:\/\/etangetvillage.com\/en\/blog\/","title":{"rendered":"Blog"},"content":{"rendered":"\t\t<div data-elementor-type=\"wp-page\" data-elementor-id=\"1541\" class=\"elementor elementor-1541 elementor-871\" data-elementor-post-type=\"page\">\n\t\t\t\t\t\t\t\t\t<section class=\"elementor-section elementor-top-section elementor-element elementor-element-2298e06d elementor-section-full_width elementor-section-height-min-height elementor-section-height-default elementor-section-items-middle\" data-id=\"2298e06d\" data-element_type=\"section\" data-settings=\"{&quot;background_background&quot;:&quot;classic&quot;}\">\n\t\t\t\t\t\t\t<div class=\"elementor-background-overlay\"><\/div>\n\t\t\t\t\t\t\t<div class=\"elementor-container elementor-column-gap-default\">\n\t\t\t\t\t<div class=\"elementor-column elementor-col-100 elementor-top-column elementor-element elementor-element-7b5dc907\" data-id=\"7b5dc907\" data-element_type=\"column\">\n\t\t\t<div class=\"elementor-widget-wrap elementor-element-populated\">\n\t\t\t\t\t\t\t\t<div class=\"elementor-element elementor-element-7c46905 elementor-widget elementor-widget-heading\" data-id=\"7c46905\" data-element_type=\"widget\" data-widget_type=\"heading.default\">\n\t\t\t\t<div class=\"elementor-widget-container\">\n\t\t\t<style>\/*! elementor - v3.16.0 - 09-10-2023 *\/\n.elementor-heading-title{padding:0;margin:0;line-height:1}.elementor-widget-heading .elementor-heading-title[class*=elementor-size-]>a{color:inherit;font-size:inherit;line-height:inherit}.elementor-widget-heading .elementor-heading-title.elementor-size-small{font-size:15px}.elementor-widget-heading .elementor-heading-title.elementor-size-medium{font-size:19px}.elementor-widget-heading .elementor-heading-title.elementor-size-large{font-size:29px}.elementor-widget-heading .elementor-heading-title.elementor-size-xl{font-size:39px}.elementor-widget-heading .elementor-heading-title.elementor-size-xxl{font-size:59px}<\/style><h1 class=\"elementor-heading-title elementor-size-default\">Blog<\/h1>\t\t<\/div>\n\t\t\t\t<\/div>\n\t\t\t\t\t<\/div>\n\t\t<\/div>\n\t\t\t\t\t\t\t<\/div>\n\t\t<\/section>\n\t\t\t\t<section class=\"elementor-section elementor-top-section elementor-element elementor-element-64fc1c33 elementor-section-boxed elementor-section-height-default elementor-section-height-default\" data-id=\"64fc1c33\" data-element_type=\"section\">\n\t\t\t\t\t\t<div class=\"elementor-container elementor-column-gap-default\">\n\t\t\t\t\t<div class=\"elementor-column elementor-col-100 elementor-top-column elementor-element elementor-element-550cac98\" data-id=\"550cac98\" data-element_type=\"column\">\n\t\t\t<div class=\"elementor-widget-wrap elementor-element-populated\">\n\t\t\t\t\t\t\t\t<div class=\"elementor-element elementor-element-793ee5e9 elementor-grid-2 elementor-posts--align-left elementor-grid-tablet-2 elementor-grid-mobile-1 elementor-posts--thumbnail-top elementor-widget elementor-widget-posts\" data-id=\"793ee5e9\" data-element_type=\"widget\" data-settings=\"{&quot;classic_columns&quot;:&quot;2&quot;,&quot;classic_row_gap&quot;:{&quot;unit&quot;:&quot;px&quot;,&quot;size&quot;:&quot;50&quot;,&quot;sizes&quot;:[]},&quot;classic_columns_tablet&quot;:&quot;2&quot;,&quot;classic_columns_mobile&quot;:&quot;1&quot;,&quot;classic_row_gap_tablet&quot;:{&quot;unit&quot;:&quot;px&quot;,&quot;size&quot;:&quot;&quot;,&quot;sizes&quot;:[]},&quot;classic_row_gap_mobile&quot;:{&quot;unit&quot;:&quot;px&quot;,&quot;size&quot;:&quot;&quot;,&quot;sizes&quot;:[]}}\" data-widget_type=\"posts.classic\">\n\t\t\t\t<div class=\"elementor-widget-container\">\n\t\t\t<link rel=\"stylesheet\" href=\"https:\/\/etangetvillage.com\/wp-content\/plugins\/elementor-pro\/assets\/css\/widget-posts.min.css\">\t\t<div class=\"elementor-posts-container elementor-posts elementor-posts--skin-classic elementor-grid\">\n\t\t\t\t<article class=\"elementor-post elementor-grid-item post-2543 post type-post status-publish format-standard has-post-thumbnail hentry category-tourismus\">\n\t\t\t\t<a class=\"elementor-post__thumbnail__link\" href=\"https:\/\/etangetvillage.com\/en\/the-hidden-charms-of-la-gatine-introduction-to-this-picturesque-region\/\" tabindex=\"-1\" >\n\t\t\t<div class=\"elementor-post__thumbnail\"><img loading=\"lazy\" decoding=\"async\" width=\"860\" height=\"570\" src=\"https:\/\/etangetvillage.com\/wp-content\/uploads\/2023\/09\/gite-en-gatine.webp\" class=\"attachment-full size-full wp-image-2193\" alt=\"G\u00eete en Gatine\" srcset=\"https:\/\/etangetvillage.com\/wp-content\/uploads\/2023\/09\/gite-en-gatine.webp 860w, https:\/\/etangetvillage.com\/wp-content\/uploads\/2023\/09\/gite-en-gatine-300x199.webp 300w, https:\/\/etangetvillage.com\/wp-content\/uploads\/2023\/09\/gite-en-gatine-768x509.webp 768w\" sizes=\"auto, (max-width: 860px) 100vw, 860px\" \/><\/div>\n\t\t<\/a>\n\t\t\t\t<div class=\"elementor-post__text\">\n\t\t\t\t<h3 class=\"elementor-post__title\">\n\t\t\t<a href=\"https:\/\/etangetvillage.com\/en\/the-hidden-charms-of-la-gatine-introduction-to-this-picturesque-region\/\" >\n\t\t\t\tThe Hidden Charms of La G\u00e2tine: introduction to this picturesque region.\t\t\t<\/a>\n\t\t<\/h3>\n\t\t\t\t<div class=\"elementor-post__excerpt\">\n\t\t\t<p>The G\u00e2tine, the secret pearl of the Deux-S\u00e8vres region, is home to many little-known treasures. From rolling landscapes to ancient traditions, this region hides many surprises. Ready to unveil its mysteries? Embark on an adventure in the G\u00e2tin region and let yourself be seduced by its irresistible authenticity. A new discovery awaits you at every turn. Here we go!<\/p>\n\t\t<\/div>\n\t\t\t\t<\/div>\n\t\t\t\t<\/article>\n\t\t\t\t<article class=\"elementor-post elementor-grid-item post-2547 post type-post status-publish format-standard has-post-thumbnail hentry category-non-classifiee category-tourism\">\n\t\t\t\t<a class=\"elementor-post__thumbnail__link\" href=\"https:\/\/etangetvillage.com\/en\/what-to-do-in-la-rochelle-top-5-activities\/\" tabindex=\"-1\" >\n\t\t\t<div class=\"elementor-post__thumbnail\"><img loading=\"lazy\" decoding=\"async\" width=\"2560\" height=\"1440\" src=\"https:\/\/etangetvillage.com\/wp-content\/uploads\/2023\/09\/la-rochelle-top-5-scaled.webp\" class=\"attachment-full size-full wp-image-2155\" alt=\"Top 5 des activit\u00e9s \u00e0 faire \u00e0 La Rochelle\" srcset=\"https:\/\/etangetvillage.com\/wp-content\/uploads\/2023\/09\/la-rochelle-top-5-scaled.webp 2560w, https:\/\/etangetvillage.com\/wp-content\/uploads\/2023\/09\/la-rochelle-top-5-300x169.webp 300w, https:\/\/etangetvillage.com\/wp-content\/uploads\/2023\/09\/la-rochelle-top-5-1024x576.webp 1024w, https:\/\/etangetvillage.com\/wp-content\/uploads\/2023\/09\/la-rochelle-top-5-768x432.webp 768w, https:\/\/etangetvillage.com\/wp-content\/uploads\/2023\/09\/la-rochelle-top-5-1536x864.webp 1536w, https:\/\/etangetvillage.com\/wp-content\/uploads\/2023\/09\/la-rochelle-top-5-2048x1152.webp 2048w\" sizes=\"auto, (max-width: 2560px) 100vw, 2560px\" \/><\/div>\n\t\t<\/a>\n\t\t\t\t<div class=\"elementor-post__text\">\n\t\t\t\t<h3 class=\"elementor-post__title\">\n\t\t\t<a href=\"https:\/\/etangetvillage.com\/en\/what-to-do-in-la-rochelle-top-5-activities\/\" >\n\t\t\t\tWhat to do in La Rochelle Top 5 activities!\t\t\t<\/a>\n\t\t<\/h3>\n\t\t\t\t<div class=\"elementor-post__excerpt\">\n\t\t\t<p>Wondering what to do in La Rochelle on your next getaway? This maritime city abounds in hidden treasures and iconic sites. To guide you on your La Rochelle adventure, we&#8217;ve selected 5 must-see places in La Rochelle for a stopover rich in discoveries. Dive with us into the heart of this destination between land and sea, and let us surprise you with its undeniable charm!<\/p>\n\t\t<\/div>\n\t\t\t\t<\/div>\n\t\t\t\t<\/article>\n\t\t\t\t<article class=\"elementor-post elementor-grid-item post-2325 post type-post status-publish format-standard has-post-thumbnail hentry category-berufliche-veranstaltung category-unkategorisiert\">\n\t\t\t\t<a class=\"elementor-post__thumbnail__link\" href=\"https:\/\/etangetvillage.com\/en\/how-to-organize-a-seminar-the-complete-12-step-guide\/\" tabindex=\"-1\" >\n\t\t\t<div class=\"elementor-post__thumbnail\"><img loading=\"lazy\" decoding=\"async\" width=\"1920\" height=\"1280\" src=\"https:\/\/etangetvillage.com\/wp-content\/uploads\/2023\/09\/organiser-seminaire.webp\" class=\"attachment-full size-full wp-image-2141\" alt=\"Organiser un s\u00e9minaire\" srcset=\"https:\/\/etangetvillage.com\/wp-content\/uploads\/2023\/09\/organiser-seminaire.webp 1920w, https:\/\/etangetvillage.com\/wp-content\/uploads\/2023\/09\/organiser-seminaire-300x200.webp 300w, https:\/\/etangetvillage.com\/wp-content\/uploads\/2023\/09\/organiser-seminaire-1024x683.webp 1024w, https:\/\/etangetvillage.com\/wp-content\/uploads\/2023\/09\/organiser-seminaire-768x512.webp 768w, https:\/\/etangetvillage.com\/wp-content\/uploads\/2023\/09\/organiser-seminaire-1536x1024.webp 1536w\" sizes=\"auto, (max-width: 1920px) 100vw, 1920px\" \/><\/div>\n\t\t<\/a>\n\t\t\t\t<div class=\"elementor-post__text\">\n\t\t\t\t<h3 class=\"elementor-post__title\">\n\t\t\t<a href=\"https:\/\/etangetvillage.com\/en\/how-to-organize-a-seminar-the-complete-12-step-guide\/\" >\n\t\t\t\tHow to organize a seminar? The complete 12-step guide\t\t\t<\/a>\n\t\t<\/h3>\n\t\t\t\t<div class=\"elementor-post__excerpt\">\n\t\t\t<p>How to organize an unforgettable seminar? Between meticulous planning, choosing the ideal venue, coordinating speakers and anticipating the unexpected, orchestrating a symposium becomes a real challenge. Dive into the fascinating world of successful corporate seminars and discover the secrets of flawless organization.<\/p>\n\t\t<\/div>\n\t\t\t\t<\/div>\n\t\t\t\t<\/article>\n\t\t\t\t<\/div>\n\t\t\n\t\t\t\t<\/div>\n\t\t\t\t<\/div>\n\t\t\t\t\t<\/div>\n\t\t<\/div>\n\t\t\t\t\t\t\t<\/div>\n\t\t<\/section>\n\t\t\t\t\t\t\t<\/div>\n\t\t","protected":false},"excerpt":{"rendered":"<p>Blog<\/p>\n","protected":false},"author":1,"featured_media":0,"parent":0,"menu_order":0,"comment_status":"closed","ping_status":"closed","template":"elementor_header_footer","meta":{"footnotes":""},"class_list":["post-1541","page","type-page","status-publish","hentry"],"yoast_head":"<!-- This site is optimized with the Yoast SEO plugin v21.4 - https:\/\/yoast.com\/wordpress\/plugins\/seo\/ -->\n<title>Blog - Etang et village<\/title>\n<meta name=\"robots\" content=\"index, follow, max-snippet:-1, max-image-preview:large, max-video-preview:-1\" \/>\n<link rel=\"canonical\" href=\"https:\/\/etangetvillage.com\/en\/blog\/\" \/>\n<meta property=\"og:locale\" content=\"en_US\" \/>\n<meta property=\"og:type\" content=\"article\" \/>\n<meta property=\"og:title\" content=\"Blog - Etang et village\" \/>\n<meta property=\"og:description\" content=\"Blog\" \/>\n<meta property=\"og:url\" content=\"https:\/\/etangetvillage.com\/en\/blog\/\" \/>\n<meta property=\"og:site_name\" content=\"Etang et village\" \/>\n<meta property=\"article:modified_time\" content=\"2024-06-04T09:01:36+00:00\" \/>\n<meta name=\"twitter:card\" content=\"summary_large_image\" \/>\n<script type=\"application\/ld+json\" class=\"yoast-schema-graph\">{\"@context\":\"https:\/\/schema.org\",\"@graph\":[{\"@type\":\"WebPage\",\"@id\":\"https:\/\/etangetvillage.com\/en\/blog\/\",\"url\":\"https:\/\/etangetvillage.com\/en\/blog\/\",\"name\":\"Blog - Etang et village\",\"isPartOf\":{\"@id\":\"https:\/\/etangetvillage.com\/en\/#website\"},\"datePublished\":\"2023-07-29T14:09:51+00:00\",\"dateModified\":\"2024-06-04T09:01:36+00:00\",\"breadcrumb\":{\"@id\":\"https:\/\/etangetvillage.com\/en\/blog\/#breadcrumb\"},\"inLanguage\":\"en-US\",\"potentialAction\":[{\"@type\":\"ReadAction\",\"target\":[\"https:\/\/etangetvillage.com\/en\/blog\/\"]}]},{\"@type\":\"BreadcrumbList\",\"@id\":\"https:\/\/etangetvillage.com\/en\/blog\/#breadcrumb\",\"itemListElement\":[{\"@type\":\"ListItem\",\"position\":1,\"name\":\"Accueil\",\"item\":\"https:\/\/etangetvillage.com\/en\/\"},{\"@type\":\"ListItem\",\"position\":2,\"name\":\"Blog\"}]},{\"@type\":\"WebSite\",\"@id\":\"https:\/\/etangetvillage.com\/en\/#website\",\"url\":\"https:\/\/etangetvillage.com\/en\/\",\"name\":\"Etang et village\",\"description\":\"\",\"potentialAction\":[{\"@type\":\"SearchAction\",\"target\":{\"@type\":\"EntryPoint\",\"urlTemplate\":\"https:\/\/etangetvillage.com\/en\/?s={search_term_string}\"},\"query-input\":\"required name=search_term_string\"}],\"inLanguage\":\"en-US\"}]}<\/script>\n<!-- \/ Yoast SEO plugin. -->","yoast_head_json":{"title":"Blog - Etang et village","robots":{"index":"index","follow":"follow","max-snippet":"max-snippet:-1","max-image-preview":"max-image-preview:large","max-video-preview":"max-video-preview:-1"},"canonical":"https:\/\/etangetvillage.com\/en\/blog\/","og_locale":"en_US","og_type":"article","og_title":"Blog - Etang et village","og_description":"Blog","og_url":"https:\/\/etangetvillage.com\/en\/blog\/","og_site_name":"Etang et village","article_modified_time":"2024-06-04T09:01:36+00:00","twitter_card":"summary_large_image","schema":{"@context":"https:\/\/schema.org","@graph":[{"@type":"WebPage","@id":"https:\/\/etangetvillage.com\/en\/blog\/","url":"https:\/\/etangetvillage.com\/en\/blog\/","name":"Blog - Etang et village","isPartOf":{"@id":"https:\/\/etangetvillage.com\/en\/#website"},"datePublished":"2023-07-29T14:09:51+00:00","dateModified":"2024-06-04T09:01:36+00:00","breadcrumb":{"@id":"https:\/\/etangetvillage.com\/en\/blog\/#breadcrumb"},"inLanguage":"en-US","potentialAction":[{"@type":"ReadAction","target":["https:\/\/etangetvillage.com\/en\/blog\/"]}]},{"@type":"BreadcrumbList","@id":"https:\/\/etangetvillage.com\/en\/blog\/#breadcrumb","itemListElement":[{"@type":"ListItem","position":1,"name":"Accueil","item":"https:\/\/etangetvillage.com\/en\/"},{"@type":"ListItem","position":2,"name":"Blog"}]},{"@type":"WebSite","@id":"https:\/\/etangetvillage.com\/en\/#website","url":"https:\/\/etangetvillage.com\/en\/","name":"Etang et village","description":"","potentialAction":[{"@type":"SearchAction","target":{"@type":"EntryPoint","urlTemplate":"https:\/\/etangetvillage.com\/en\/?s={search_term_string}"},"query-input":"required name=search_term_string"}],"inLanguage":"en-US"}]}},"_links":{"self":[{"href":"https:\/\/etangetvillage.com\/en\/wp-json\/wp\/v2\/pages\/1541","targetHints":{"allow":["GET"]}}],"collection":[{"href":"https:\/\/etangetvillage.com\/en\/wp-json\/wp\/v2\/pages"}],"about":[{"href":"https:\/\/etangetvillage.com\/en\/wp-json\/wp\/v2\/types\/page"}],"author":[{"embeddable":true,"href":"https:\/\/etangetvillage.com\/en\/wp-json\/wp\/v2\/users\/1"}],"replies":[{"embeddable":true,"href":"https:\/\/etangetvillage.com\/en\/wp-json\/wp\/v2\/comments?post=1541"}],"version-history":[{"count":3,"href":"https:\/\/etangetvillage.com\/en\/wp-json\/wp\/v2\/pages\/1541\/revisions"}],"predecessor-version":[{"id":2956,"href":"https:\/\/etangetvillage.com\/en\/wp-json\/wp\/v2\/pages\/1541\/revisions\/2956"}],"wp:attachment":[{"href":"https:\/\/etangetvillage.com\/en\/wp-json\/wp\/v2\/media?parent=1541"}],"curies":[{"name":"wp","href":"https:\/\/api.w.org\/{rel}","templated":true}]}}