{"id":2511,"date":"2023-09-22T12:58:30","date_gmt":"2023-09-22T10:58:30","guid":{"rendered":"https:\/\/etangetvillage.com\/informacion-juridica\/"},"modified":"2024-06-11T21:46:52","modified_gmt":"2024-06-11T19:46:52","slug":"informacion-juridica","status":"publish","type":"page","link":"https:\/\/etangetvillage.com\/es\/informacion-juridica\/","title":{"rendered":"Informaci\u00f3n jur\u00eddica"},"content":{"rendered":"\t\t<div data-elementor-type=\"wp-page\" data-elementor-id=\"2511\" class=\"elementor elementor-2511 elementor-2447\" data-elementor-post-type=\"page\">\n\t\t\t\t\t\t\t\t\t<section class=\"elementor-section elementor-top-section elementor-element elementor-element-7144cc5 elementor-section-full_width elementor-section-height-min-height elementor-section-height-default elementor-section-items-middle\" data-id=\"7144cc5\" data-element_type=\"section\" data-settings=\"{&quot;background_background&quot;:&quot;classic&quot;}\">\n\t\t\t\t\t\t\t<div class=\"elementor-background-overlay\"><\/div>\n\t\t\t\t\t\t\t<div class=\"elementor-container elementor-column-gap-default\">\n\t\t\t\t\t<div class=\"elementor-column elementor-col-100 elementor-top-column elementor-element elementor-element-903ee68\" data-id=\"903ee68\" data-element_type=\"column\">\n\t\t\t<div class=\"elementor-widget-wrap elementor-element-populated\">\n\t\t\t\t\t\t\t\t<div class=\"elementor-element elementor-element-303967a elementor-widget elementor-widget-heading\" data-id=\"303967a\" data-element_type=\"widget\" data-widget_type=\"heading.default\">\n\t\t\t\t<div class=\"elementor-widget-container\">\n\t\t\t<style>\/*! elementor - v3.16.0 - 09-10-2023 *\/\n.elementor-heading-title{padding:0;margin:0;line-height:1}.elementor-widget-heading .elementor-heading-title[class*=elementor-size-]>a{color:inherit;font-size:inherit;line-height:inherit}.elementor-widget-heading .elementor-heading-title.elementor-size-small{font-size:15px}.elementor-widget-heading .elementor-heading-title.elementor-size-medium{font-size:19px}.elementor-widget-heading .elementor-heading-title.elementor-size-large{font-size:29px}.elementor-widget-heading .elementor-heading-title.elementor-size-xl{font-size:39px}.elementor-widget-heading .elementor-heading-title.elementor-size-xxl{font-size:59px}<\/style><h1 class=\"elementor-heading-title elementor-size-default\">Informaci\u00f3n jur\u00eddica<\/h1>\t\t<\/div>\n\t\t\t\t<\/div>\n\t\t\t\t\t<\/div>\n\t\t<\/div>\n\t\t\t\t\t\t\t<\/div>\n\t\t<\/section>\n\t\t\t\t<section class=\"elementor-section elementor-top-section elementor-element elementor-element-e8409f0 elementor-section-boxed elementor-section-height-default elementor-section-height-default\" data-id=\"e8409f0\" data-element_type=\"section\">\n\t\t\t\t\t\t<div class=\"elementor-container elementor-column-gap-default\">\n\t\t\t\t\t<div class=\"elementor-column elementor-col-100 elementor-top-column elementor-element elementor-element-8e71234\" data-id=\"8e71234\" data-element_type=\"column\">\n\t\t\t<div class=\"elementor-widget-wrap elementor-element-populated\">\n\t\t\t\t\t\t\t\t<div class=\"elementor-element elementor-element-fa83244 elementor-widget elementor-widget-text-editor\" data-id=\"fa83244\" data-element_type=\"widget\" data-widget_type=\"text-editor.default\">\n\t\t\t\t<div class=\"elementor-widget-container\">\n\t\t\t<style>\/*! elementor - v3.16.0 - 09-10-2023 *\/\n.elementor-widget-text-editor.elementor-drop-cap-view-stacked .elementor-drop-cap{background-color:#69727d;color:#fff}.elementor-widget-text-editor.elementor-drop-cap-view-framed .elementor-drop-cap{color:#69727d;border:3px solid;background-color:transparent}.elementor-widget-text-editor:not(.elementor-drop-cap-view-default) .elementor-drop-cap{margin-top:8px}.elementor-widget-text-editor:not(.elementor-drop-cap-view-default) .elementor-drop-cap-letter{width:1em;height:1em}.elementor-widget-text-editor .elementor-drop-cap{float:left;text-align:center;line-height:1;font-size:50px}.elementor-widget-text-editor .elementor-drop-cap-letter{display:inline-block}<\/style>\t\t\t\t<p>En cumplimiento de las obligaciones de los art\u00edculos 6-III y 19 de la Ley francesa 2004-575 de 21 de junio de 2004 sobre la confianza en la econom\u00eda digital, conocida como L.C.E.N., informamos a los usuarios del sitio web etangetvillage.com de la siguiente informaci\u00f3n:<\/p>\n\t\t\t\t\t\t<\/div>\n\t\t\t\t<\/div>\n\t\t\t\t<div class=\"elementor-element elementor-element-92fe23e elementor-widget elementor-widget-heading\" data-id=\"92fe23e\" data-element_type=\"widget\" data-widget_type=\"heading.default\">\n\t\t\t\t<div class=\"elementor-widget-container\">\n\t\t\t<h2 class=\"elementor-heading-title elementor-size-default\">1. Aviso legal .<\/h2>\t\t<\/div>\n\t\t\t\t<\/div>\n\t\t\t\t<div class=\"elementor-element elementor-element-82394f3 elementor-widget elementor-widget-text-editor\" data-id=\"82394f3\" data-element_type=\"widget\" data-widget_type=\"text-editor.default\">\n\t\t\t\t<div class=\"elementor-widget-container\">\n\t\t\t\t\t\t\t<p>El sitio etangetvillage.com es propiedad exclusiva de PICTOPAUSE SARL , que lo publica.<\/p><p>PICTOPAUSE SARL &#8211; N*TEL : 05 00 00 00 00<\/p><p>Rue de l&#8217;\u00c9tang, 79310 Verruyes<br \/>Inscrita en el Registre du Commerce et des Soci\u00e9t\u00e9s (RCS) con el n\u00famero 90982515000016<\/p><p>N\u00famero de IVA intracomunitario: FR28909825150<br \/>Correo electr\u00f3nico: contact@etangetvillage.com<\/p><p>El patrocinador del sitio es: Laurence Poussot &#8211; Soci\u00e9t\u00e9 PICTOPAUSE<br \/>La directora de la publicaci\u00f3n es: Laurence Poussot<br \/>C\u00f3mo ponerse en contacto con el responsable de la publicaci\u00f3n: contact@etangetvillage.com<\/p><p>El productor es: BLIXI<br \/>C\u00f3mo ponerse en contacto con el director: anthony[at]blixi.fr Webmaster y creaci\u00f3n del sitio web la rochelle<\/p><p>Alojamiento : OVH<br \/>SAS<br \/>RCS Lille M\u00e9tropole 424 761 419 00045<br \/>C\u00f3digo de actividad principal (APE) 2620Z<br \/>Num. N\u00famero de IVA: FR 22 424 761 419<br \/>Sede social del organizador: 2 rue Kellermann &#8211; 59100 Roubaix &#8211; Francia<\/p>\t\t\t\t\t\t<\/div>\n\t\t\t\t<\/div>\n\t\t\t\t<div class=\"elementor-element elementor-element-fa3cf9e elementor-widget elementor-widget-heading\" data-id=\"fa3cf9e\" data-element_type=\"widget\" data-widget_type=\"heading.default\">\n\t\t\t\t<div class=\"elementor-widget-container\">\n\t\t\t<h2 class=\"elementor-heading-title elementor-size-default\">2. Presentaci\u00f3n y principio :<\/h2>\t\t<\/div>\n\t\t\t\t<\/div>\n\t\t\t\t<div class=\"elementor-element elementor-element-31319b5 elementor-widget elementor-widget-text-editor\" data-id=\"31319b5\" data-element_type=\"widget\" data-widget_type=\"text-editor.default\">\n\t\t\t\t<div class=\"elementor-widget-container\">\n\t\t\t\t\t\t\tTodo internauta que utilice el sitio web: etangetvillage.com se considera usuario del sitio siguiente.\nEl sitio web etangetvillage.com pone a disposici\u00f3n de los usuarios una serie de servicios. Se precisa que \u00e9stos deben permanecer corteses y mostrar buena fe tanto hacia los dem\u00e1s usuarios como hacia el Webmaster del sitio etangetvillage.com. El sitio etangetvillage.com es actualizado regularmente por BLIXI y PICTOPAUSE.\nLaurence Poussot se esfuerza por ofrecer en el sitio etangetvillage.com una informaci\u00f3n lo m\u00e1s exacta posible (sin perjuicio de las modificaciones que se hayan producido desde su puesta en l\u00ednea), pero no puede garantizar la exactitud, exhaustividad o exhaustividad de la informaci\u00f3n facilitada en su sitio web, ya sea por su propia culpa o por la de terceros colaboradores que faciliten dicha informaci\u00f3n. En dependencia, el usuario reconoce que utiliza esta informaci\u00f3n bajo su exclusiva responsabilidad.\t\t\t\t\t\t<\/div>\n\t\t\t\t<\/div>\n\t\t\t\t<div class=\"elementor-element elementor-element-e43dc2c elementor-widget elementor-widget-heading\" data-id=\"e43dc2c\" data-element_type=\"widget\" data-widget_type=\"heading.default\">\n\t\t\t\t<div class=\"elementor-widget-container\">\n\t\t\t<h2 class=\"elementor-heading-title elementor-size-default\">3. Accesibilidad digital :<\/h2>\t\t<\/div>\n\t\t\t\t<\/div>\n\t\t\t\t<div class=\"elementor-element elementor-element-0a5d1f8 elementor-widget elementor-widget-text-editor\" data-id=\"0a5d1f8\" data-element_type=\"widget\" data-widget_type=\"text-editor.default\">\n\t\t\t\t<div class=\"elementor-widget-container\">\n\t\t\t\t\t\t\t<p>El siguiente sitio etangetvillage.com es generalmente accesible a los usuarios 24 horas al d\u00eda, 7 d\u00edas a la semana, excepto en caso de mantenimiento, previsto o no, con fines de actualizaci\u00f3n o de fuerza mayor. En caso de indisponibilidad del servicio, etangetvillage.com har\u00e1 todo lo posible para restablecer el acceso al sitio web e intentar\u00e1 informar a los usuarios con antelaci\u00f3n de las fechas y horas de la interrupci\u00f3n. Dado que etangetvillage.com s\u00f3lo est\u00e1 sujeta a una tarifa, no se hace responsable de ning\u00fan da\u00f1o, sea cual sea su naturaleza.<\/p>\n\t\t\t\t\t\t<\/div>\n\t\t\t\t<\/div>\n\t\t\t\t<div class=\"elementor-element elementor-element-c65bbd0 elementor-widget elementor-widget-heading\" data-id=\"c65bbd0\" data-element_type=\"widget\" data-widget_type=\"heading.default\">\n\t\t\t\t<div class=\"elementor-widget-container\">\n\t\t\t<h2 class=\"elementor-heading-title elementor-size-default\">4. Derechos de propiedad intelectual .<\/h2>\t\t<\/div>\n\t\t\t\t<\/div>\n\t\t\t\t<div class=\"elementor-element elementor-element-5510f2a elementor-widget elementor-widget-text-editor\" data-id=\"5510f2a\" data-element_type=\"widget\" data-widget_type=\"text-editor.default\">\n\t\t\t\t<div class=\"elementor-widget-container\">\n\t\t\t\t\t\t\t<p>Laurence Poussot es propietaria exclusiva de todos los derechos de propiedad intelectual o titular de los derechos y autorizaciones de uso de todos los elementos accesibles en el siguiente sitio, incluidos la estructura, el texto, los gr\u00e1ficos, el logotipo, la banda sonora y el software&#8230;<br \/>Cualquier reproducci\u00f3n, incluso parcial, del sitio etangetvillage.com, visualizaci\u00f3n, modificaci\u00f3n, adaptaci\u00f3n, total o parcial, de cualquiera de estos elementos, cualesquiera que sean los medios o procedimientos utilizados, est\u00e1 prohibida sin la autorizaci\u00f3n previa y por escrito de Laurence Poussot, responsable del sitio, a la siguiente direcci\u00f3n de correo electr\u00f3nico: contact@etangetvillage.com, so pena de ser considerada constitutiva de falsificaci\u00f3n y susceptible de acciones judiciales de conformidad con las disposiciones de los art\u00edculos L.335-2 y siguientes del C\u00f3digo franc\u00e9s de la Propiedad Intelectual.<\/p><p>Toda reproducci\u00f3n del sitio etangetvillage.com, representaci\u00f3n, publicaci\u00f3n o adaptaci\u00f3n, total o parcial, de cualquiera de estos elementos, cualesquiera que sean los medios o t\u00e9cnicas utilizados, est\u00e1 estrictamente prohibida sin el consentimiento previo y por escrito de Laurence Poussot, responsable del sitio, a la direcci\u00f3n contact@etangetvillage.com, so pena de constituir una falsificaci\u00f3n y de ser perseguida de conformidad con las disposiciones de los art\u00edculos L.335-2 y siguientes del C\u00f3digo de la Propiedad Intelectual franc\u00e9s.<\/p>\t\t\t\t\t\t<\/div>\n\t\t\t\t<\/div>\n\t\t\t\t<div class=\"elementor-element elementor-element-8b15287 elementor-widget elementor-widget-heading\" data-id=\"8b15287\" data-element_type=\"widget\" data-widget_type=\"heading.default\">\n\t\t\t\t<div class=\"elementor-widget-container\">\n\t\t\t<h2 class=\"elementor-heading-title elementor-size-default\">5. Enlaces de hipertexto y cookies :<\/h2>\t\t<\/div>\n\t\t\t\t<\/div>\n\t\t\t\t<div class=\"elementor-element elementor-element-f05d7eb elementor-widget elementor-widget-text-editor\" data-id=\"f05d7eb\" data-element_type=\"widget\" data-widget_type=\"text-editor.default\">\n\t\t\t\t<div class=\"elementor-widget-container\">\n\t\t\t\t\t\t\t<p>El siguiente sitio etangetvillage.com contiene m\u00faltiples enlaces clicables a varios sitios (socios, sitios fuente, etc.) puestos en l\u00ednea con el acuerdo de Laurence Poussot. No obstante, Laurence Poussot no puede asegurar todos los elementos de los distintos sitios visitados y, por lo tanto, no se hace responsable de los riesgos de contenidos prohibidos.<br \/>Se informa a los usuarios de que, durante el uso del sitio web etangetvillage.com, es posible que se integren autom\u00e1ticamente una o varias cookies en su software de navegaci\u00f3n. Una cookie es un bloque de datos inform\u00e1ticos que no puede utilizarse para identificar al usuario, pero que registra datos relativos a su navegaci\u00f3n por el sitio web.  <br \/>Puede configurar su navegador para que le notifique la presencia de cookies y, si lo desea, rechazarlas, tal como se explica en la siguiente direcci\u00f3n: etangetvillage.com. su aplicaci\u00f3n. No obstante, los usuarios pueden configurar el navegador de su PC para que no acepte cookies, teniendo en cuenta que rechazar una cookie puede imposibilitar el acceso a varios servicios.<\/p>\n\t\t\t\t\t\t<\/div>\n\t\t\t\t<\/div>\n\t\t\t\t<div class=\"elementor-element elementor-element-c730e48 elementor-widget elementor-widget-heading\" data-id=\"c730e48\" data-element_type=\"widget\" data-widget_type=\"heading.default\">\n\t\t\t\t<div class=\"elementor-widget-container\">\n\t\t\t<h2 class=\"elementor-heading-title elementor-size-default\">6. Protecci\u00f3n de personas y bienes - Gesti\u00f3n de datos personales .<\/h2>\t\t<\/div>\n\t\t\t\t<\/div>\n\t\t\t\t<div class=\"elementor-element elementor-element-8236a19 elementor-widget elementor-widget-text-editor\" data-id=\"8236a19\" data-element_type=\"widget\" data-widget_type=\"text-editor.default\">\n\t\t\t\t<div class=\"elementor-widget-container\">\n\t\t\t\t\t\t\t<p>En Francia, los datos personales est\u00e1n protegidos por la ley n\u00ba 78-87 de 6 de enero de 1978, la ley n\u00ba 2004-801 de 6 de agosto de 2004, el art\u00edculo L. 226-13 del C\u00f3digo Penal y la Directiva Europea de 24 de octubre de 1995.<\/p><p>En el siguiente sitio etangetvillage.com y de conformidad con el art\u00edculo 4 de la Ley N \u00ba 78-17 de 06 de enero 1978, el usuario proporciona la informaci\u00f3n con plena conciencia de la causa, en particular cuando se introduce \u00e9l mismo. A continuaci\u00f3n, se informa a los usuarios del sitio web etangetvillage.com de si est\u00e1n o no obligados a facilitar esta informaci\u00f3n.<br \/>De conformidad con las disposiciones de los art\u00edculos 38 y siguientes de la ley 78-17 de 6 de enero de 1978 relativa a la inform\u00e1tica, a los ficheros y a las libertades, todo usuario dispone de un derecho de acceso, rectificaci\u00f3n, supresi\u00f3n y oposici\u00f3n a los datos de car\u00e1cter personal que le conciernan. Para ejercer este derecho, env\u00ede una solicitud a etangetvillage.com por correo electr\u00f3nico: contact@etangetvillage.com o por escrito, debidamente firmada, adjuntando una copia de su documento de identidad y la firma del propietario del bien, e indicando la direcci\u00f3n a la que debe enviarse la respuesta.<\/p><p>Ninguna informaci\u00f3n personal del usuario del sitio interno etangetvillage.com es publicada sin el consentimiento del usuario, intercambiada, transferida o dada en cualquier medio a terceros. \u00danicamente la venta del sitio web etangetvillage.com y de sus derechos autoriza a Laurence Poussot a transferir la informaci\u00f3n al eventual comprador, quien a su vez estar\u00eda sujeto a la misma obligaci\u00f3n de conservaci\u00f3n y modificaci\u00f3n de la informaci\u00f3n relativa al usuario del sitio web etangetvillage.com.<br \/>El sitio web etangetvillage.com cumple el RGPD.<\/p><p>Las bases de datos est\u00e1n protegidas por las normas de la Ley de 1 de julio de 1998, que transpone la Directiva 96\/9 de 11 de marzo de 1996 sobre la protecci\u00f3n jur\u00eddica de las bases de datos.<\/p>\t\t\t\t\t\t<\/div>\n\t\t\t\t<\/div>\n\t\t\t\t\t<\/div>\n\t\t<\/div>\n\t\t\t\t\t\t\t<\/div>\n\t\t<\/section>\n\t\t\t\t\t\t\t<\/div>\n\t\t","protected":false},"excerpt":{"rendered":"<p>Informaci\u00f3n jur\u00eddica En cumplimiento de las obligaciones de los art\u00edculos 6-III y 19 de la Ley francesa 2004-575 de 21 de junio de 2004 sobre la confianza en la econom\u00eda digital, conocida como L.C.E.N., informamos a los usuarios del sitio web etangetvillage.com de la siguiente informaci\u00f3n: 1. Aviso legal . El sitio etangetvillage.com es propiedad [&hellip;]<\/p>\n","protected":false},"author":1,"featured_media":0,"parent":0,"menu_order":0,"comment_status":"closed","ping_status":"closed","template":"elementor_header_footer","meta":{"footnotes":""},"class_list":["post-2511","page","type-page","status-publish","hentry"],"yoast_head":"<!-- This site is optimized with the Yoast SEO plugin v21.4 - https:\/\/yoast.com\/wordpress\/plugins\/seo\/ -->\n<title>Informaci\u00f3n jur\u00eddica - Etang et village<\/title>\n<meta name=\"robots\" content=\"index, follow, max-snippet:-1, max-image-preview:large, max-video-preview:-1\" \/>\n<link rel=\"canonical\" href=\"https:\/\/etangetvillage.com\/es\/informacion-juridica\/\" \/>\n<meta property=\"og:locale\" content=\"es_ES\" \/>\n<meta property=\"og:type\" content=\"article\" \/>\n<meta property=\"og:title\" content=\"Informaci\u00f3n jur\u00eddica - Etang et village\" \/>\n<meta property=\"og:description\" content=\"Informaci\u00f3n jur\u00eddica En cumplimiento de las obligaciones de los art\u00edculos 6-III y 19 de la Ley francesa 2004-575 de 21 de junio de 2004 sobre la confianza en la econom\u00eda digital, conocida como L.C.E.N., informamos a los usuarios del sitio web etangetvillage.com de la siguiente informaci\u00f3n: 1. Aviso legal . El sitio etangetvillage.com es propiedad [&hellip;]\" \/>\n<meta property=\"og:url\" content=\"https:\/\/etangetvillage.com\/es\/informacion-juridica\/\" \/>\n<meta property=\"og:site_name\" content=\"Etang et village\" \/>\n<meta property=\"article:modified_time\" content=\"2024-06-11T19:46:52+00:00\" \/>\n<meta name=\"twitter:card\" content=\"summary_large_image\" \/>\n<meta name=\"twitter:label1\" content=\"Tiempo de lectura\" \/>\n\t<meta name=\"twitter:data1\" content=\"6 minutos\" \/>\n<script type=\"application\/ld+json\" class=\"yoast-schema-graph\">{\"@context\":\"https:\/\/schema.org\",\"@graph\":[{\"@type\":\"WebPage\",\"@id\":\"https:\/\/etangetvillage.com\/es\/informacion-juridica\/\",\"url\":\"https:\/\/etangetvillage.com\/es\/informacion-juridica\/\",\"name\":\"Informaci\u00f3n jur\u00eddica - Etang et village\",\"isPartOf\":{\"@id\":\"https:\/\/etangetvillage.com\/es\/#website\"},\"datePublished\":\"2023-09-22T10:58:30+00:00\",\"dateModified\":\"2024-06-11T19:46:52+00:00\",\"breadcrumb\":{\"@id\":\"https:\/\/etangetvillage.com\/es\/informacion-juridica\/#breadcrumb\"},\"inLanguage\":\"es\",\"potentialAction\":[{\"@type\":\"ReadAction\",\"target\":[\"https:\/\/etangetvillage.com\/es\/informacion-juridica\/\"]}]},{\"@type\":\"BreadcrumbList\",\"@id\":\"https:\/\/etangetvillage.com\/es\/informacion-juridica\/#breadcrumb\",\"itemListElement\":[{\"@type\":\"ListItem\",\"position\":1,\"name\":\"Accueil\",\"item\":\"https:\/\/etangetvillage.com\/es\/\"},{\"@type\":\"ListItem\",\"position\":2,\"name\":\"Informaci\u00f3n jur\u00eddica\"}]},{\"@type\":\"WebSite\",\"@id\":\"https:\/\/etangetvillage.com\/es\/#website\",\"url\":\"https:\/\/etangetvillage.com\/es\/\",\"name\":\"Etang et village\",\"description\":\"\",\"potentialAction\":[{\"@type\":\"SearchAction\",\"target\":{\"@type\":\"EntryPoint\",\"urlTemplate\":\"https:\/\/etangetvillage.com\/es\/?s={search_term_string}\"},\"query-input\":\"required name=search_term_string\"}],\"inLanguage\":\"es\"}]}<\/script>\n<!-- \/ Yoast SEO plugin. -->","yoast_head_json":{"title":"Informaci\u00f3n jur\u00eddica - Etang et village","robots":{"index":"index","follow":"follow","max-snippet":"max-snippet:-1","max-image-preview":"max-image-preview:large","max-video-preview":"max-video-preview:-1"},"canonical":"https:\/\/etangetvillage.com\/es\/informacion-juridica\/","og_locale":"es_ES","og_type":"article","og_title":"Informaci\u00f3n jur\u00eddica - Etang et village","og_description":"Informaci\u00f3n jur\u00eddica En cumplimiento de las obligaciones de los art\u00edculos 6-III y 19 de la Ley francesa 2004-575 de 21 de junio de 2004 sobre la confianza en la econom\u00eda digital, conocida como L.C.E.N., informamos a los usuarios del sitio web etangetvillage.com de la siguiente informaci\u00f3n: 1. Aviso legal . El sitio etangetvillage.com es propiedad [&hellip;]","og_url":"https:\/\/etangetvillage.com\/es\/informacion-juridica\/","og_site_name":"Etang et village","article_modified_time":"2024-06-11T19:46:52+00:00","twitter_card":"summary_large_image","twitter_misc":{"Tiempo de lectura":"6 minutos"},"schema":{"@context":"https:\/\/schema.org","@graph":[{"@type":"WebPage","@id":"https:\/\/etangetvillage.com\/es\/informacion-juridica\/","url":"https:\/\/etangetvillage.com\/es\/informacion-juridica\/","name":"Informaci\u00f3n jur\u00eddica - Etang et village","isPartOf":{"@id":"https:\/\/etangetvillage.com\/es\/#website"},"datePublished":"2023-09-22T10:58:30+00:00","dateModified":"2024-06-11T19:46:52+00:00","breadcrumb":{"@id":"https:\/\/etangetvillage.com\/es\/informacion-juridica\/#breadcrumb"},"inLanguage":"es","potentialAction":[{"@type":"ReadAction","target":["https:\/\/etangetvillage.com\/es\/informacion-juridica\/"]}]},{"@type":"BreadcrumbList","@id":"https:\/\/etangetvillage.com\/es\/informacion-juridica\/#breadcrumb","itemListElement":[{"@type":"ListItem","position":1,"name":"Accueil","item":"https:\/\/etangetvillage.com\/es\/"},{"@type":"ListItem","position":2,"name":"Informaci\u00f3n jur\u00eddica"}]},{"@type":"WebSite","@id":"https:\/\/etangetvillage.com\/es\/#website","url":"https:\/\/etangetvillage.com\/es\/","name":"Etang et village","description":"","potentialAction":[{"@type":"SearchAction","target":{"@type":"EntryPoint","urlTemplate":"https:\/\/etangetvillage.com\/es\/?s={search_term_string}"},"query-input":"required name=search_term_string"}],"inLanguage":"es"}]}},"_links":{"self":[{"href":"https:\/\/etangetvillage.com\/es\/wp-json\/wp\/v2\/pages\/2511","targetHints":{"allow":["GET"]}}],"collection":[{"href":"https:\/\/etangetvillage.com\/es\/wp-json\/wp\/v2\/pages"}],"about":[{"href":"https:\/\/etangetvillage.com\/es\/wp-json\/wp\/v2\/types\/page"}],"author":[{"embeddable":true,"href":"https:\/\/etangetvillage.com\/es\/wp-json\/wp\/v2\/users\/1"}],"replies":[{"embeddable":true,"href":"https:\/\/etangetvillage.com\/es\/wp-json\/wp\/v2\/comments?post=2511"}],"version-history":[{"count":5,"href":"https:\/\/etangetvillage.com\/es\/wp-json\/wp\/v2\/pages\/2511\/revisions"}],"predecessor-version":[{"id":3587,"href":"https:\/\/etangetvillage.com\/es\/wp-json\/wp\/v2\/pages\/2511\/revisions\/3587"}],"wp:attachment":[{"href":"https:\/\/etangetvillage.com\/es\/wp-json\/wp\/v2\/media?parent=2511"}],"curies":[{"name":"wp","href":"https:\/\/api.w.org\/{rel}","templated":true}]}}