{"id":2496,"date":"2023-06-15T13:54:06","date_gmt":"2023-06-15T11:54:06","guid":{"rendered":"https:\/\/etangetvillage.com\/algemene-voorwaarden\/"},"modified":"2024-09-27T14:35:46","modified_gmt":"2024-09-27T12:35:46","slug":"algemene-voorwaarden","status":"publish","type":"page","link":"https:\/\/etangetvillage.com\/nl\/algemene-voorwaarden\/","title":{"rendered":"Algemene voorwaarden"},"content":{"rendered":"\t\t<div data-elementor-type=\"wp-page\" data-elementor-id=\"2496\" class=\"elementor elementor-2496 elementor-3\" data-elementor-post-type=\"page\">\n\t\t\t\t\t\t\t\t\t<section class=\"elementor-section elementor-top-section elementor-element elementor-element-264b279 elementor-section-full_width elementor-section-height-min-height elementor-section-height-default elementor-section-items-middle\" data-id=\"264b279\" data-element_type=\"section\" data-settings=\"{&quot;background_background&quot;:&quot;classic&quot;}\">\n\t\t\t\t\t\t\t<div class=\"elementor-background-overlay\"><\/div>\n\t\t\t\t\t\t\t<div class=\"elementor-container elementor-column-gap-default\">\n\t\t\t\t\t<div class=\"elementor-column elementor-col-100 elementor-top-column elementor-element elementor-element-2e6422e\" data-id=\"2e6422e\" data-element_type=\"column\">\n\t\t\t<div class=\"elementor-widget-wrap elementor-element-populated\">\n\t\t\t\t\t\t\t\t<div class=\"elementor-element elementor-element-5928c2a elementor-widget elementor-widget-heading\" data-id=\"5928c2a\" data-element_type=\"widget\" data-widget_type=\"heading.default\">\n\t\t\t\t<div class=\"elementor-widget-container\">\n\t\t\t<style>\/*! elementor - v3.16.0 - 09-10-2023 *\/\n.elementor-heading-title{padding:0;margin:0;line-height:1}.elementor-widget-heading .elementor-heading-title[class*=elementor-size-]>a{color:inherit;font-size:inherit;line-height:inherit}.elementor-widget-heading .elementor-heading-title.elementor-size-small{font-size:15px}.elementor-widget-heading .elementor-heading-title.elementor-size-medium{font-size:19px}.elementor-widget-heading .elementor-heading-title.elementor-size-large{font-size:29px}.elementor-widget-heading .elementor-heading-title.elementor-size-xl{font-size:39px}.elementor-widget-heading .elementor-heading-title.elementor-size-xxl{font-size:59px}<\/style><h1 class=\"elementor-heading-title elementor-size-default\">Algemene voorwaarden<\/h1>\t\t<\/div>\n\t\t\t\t<\/div>\n\t\t\t\t\t<\/div>\n\t\t<\/div>\n\t\t\t\t\t\t\t<\/div>\n\t\t<\/section>\n\t\t\t\t<section class=\"elementor-section elementor-top-section elementor-element elementor-element-8692558 elementor-section-boxed elementor-section-height-default elementor-section-height-default\" data-id=\"8692558\" data-element_type=\"section\">\n\t\t\t\t\t\t<div class=\"elementor-container elementor-column-gap-default\">\n\t\t\t\t\t<div class=\"elementor-column elementor-col-100 elementor-top-column elementor-element elementor-element-0dbb64d\" data-id=\"0dbb64d\" data-element_type=\"column\">\n\t\t\t<div class=\"elementor-widget-wrap elementor-element-populated\">\n\t\t\t\t\t\t\t\t<div class=\"elementor-element elementor-element-a8de5ac elementor-widget elementor-widget-text-editor\" data-id=\"a8de5ac\" data-element_type=\"widget\" data-widget_type=\"text-editor.default\">\n\t\t\t\t<div class=\"elementor-widget-container\">\n\t\t\t<style>\/*! elementor - v3.16.0 - 09-10-2023 *\/\n.elementor-widget-text-editor.elementor-drop-cap-view-stacked .elementor-drop-cap{background-color:#69727d;color:#fff}.elementor-widget-text-editor.elementor-drop-cap-view-framed .elementor-drop-cap{color:#69727d;border:3px solid;background-color:transparent}.elementor-widget-text-editor:not(.elementor-drop-cap-view-default) .elementor-drop-cap{margin-top:8px}.elementor-widget-text-editor:not(.elementor-drop-cap-view-default) .elementor-drop-cap-letter{width:1em;height:1em}.elementor-widget-text-editor .elementor-drop-cap{float:left;text-align:center;line-height:1;font-size:50px}.elementor-widget-text-editor .elementor-drop-cap-letter{display:inline-block}<\/style>\t\t\t\t<ol><li>Alle verhuur is alleen op naam. De persoon die de boeking maakt, moet ouder zijn dan 18 jaar. Reserveringsaanvragen voor minderjarigen die niet worden begeleid door een directe wettelijke voogd (vader, moeder of grootouders), worden geweigerd.<\/li><li>In de beschrijving wordt de klant ge\u00efnformeerd over het maximum aantal bedden voor elke verhuur. Dit aantal verwijst naar alle personen die op het contract vermeld staan (inclusief baby&#8217;s). In geen geval mag de accommodatie worden bezet door meer dan het aantal dat in het contract is vermeld. De directie behoudt zich het recht voor om niet-geregistreerde gasten de toegang tot de g\u00eete te weigeren.<\/li><li>De reservering van een g\u00eete wordt pas effectief na ons akkoord (controle van beschikbaarheid, enz.) en na betaling van de verblijfskosten, vergezeld van het ingevulde en ondertekende huurcontract.<\/li><li>Deelnemers hebben gratis toegang tot het meer.<\/li><li>De toegang tot vissen is niet gratis. Er zijn verschillende opties beschikbaar: dagelijkse, wekelijkse, maandelijkse of jaarlijkse passen. Twee perrons zijn speciaal aangepast voor gehandicapte reizigers.<\/li><li>Bij aankomst moeten alle gasten met hun boekingsbevestiging naar de receptie gaan om het restbedrag van hun verblijf en de toeristenbelasting te betalen en krijgen ze de sleutels van hun accommodatie.<\/li><li>Gemeubileerde accommodatie moet na 15.00 uur en tot 19.00 uur worden opgehaald en voor 10.00 uur op de dag van vertrek worden teruggebracht.<\/li><li>Een borg van \u20ac400 is vereist bij aankomst. Het wordt teruggegeven bij vertrek, nadat de sleutels zijn overhandigd, na aftrek van eventuele schade. Een tweede borg van \u20ac50 is vereist en zal worden ge\u00efnd als de accommodatie aan het einde van het verblijf niet in perfect schone staat wordt geretourneerd, waarbij de huurder verantwoordelijk is voor de schoonmaak.<\/li><li>Voertuigen mogen niet parkeren in de gangpaden die naar de accommodatie leiden. Ze moeten geparkeerd worden op de voorziene parkeerplaatsen.<\/li><li>Elke accommodatie is uitgerust met een kitchenette die uitkomt op de woonkamer, een doucheruimte met toilet, 2 of 3 slaapkamers, een priv\u00e9terras en een groene zone, en is inclusief alle kook- en eetbenodigdheden, evenals beddengoed, kussens, dekens en dekbedden. De huurder moet zorgen voor kussenslopen, hoeslakens, platte lakens of dekbedovertrekken, badlinnen, keukenlinnen en schoonmaakproducten. Er wordt een inventaris bijgehouden van de apparatuur in elke verhuureenheid. De huurder is verplicht deze bij aankomst te controleren en eventuele onregelmatigheden binnen maximaal 3 dagen te melden. De klant is verantwoordelijk voor alle gebroken of beschadigde items en voor alle daaruit voortvloeiende schade of schade aan de faciliteiten. Elke breuk, verlies of beschadiging van een item tijdens je verblijf moet worden gemeld om ervoor te zorgen dat het item wordt vervangen, en kan in rekening worden gebracht.<\/li><li>Een wasmachine en wasdroger zijn tegen betaling beschikbaar bij de receptie.<\/li><li>Een strijkplank en strijkijzer zijn beschikbaar op aanvraag.<\/li><li>De inventaris van de inrichting wordt op afspraak gecontroleerd\u00a0 op de dag van vertrek, tussen 8.00 en 10.00 uur. Bij vertrek buiten de vastgestelde tijden wordt de aanbetaling per post geretourneerd.<\/li><li>Roken en vaping zijn verboden in de accommodatie.<\/li><li>Alle annuleringen moeten schriftelijk worden gedaan (per aangetekende post met ontvangstbevestiging). Voor alle<ol><li>Annulering meer dan 60 dagen voor de geplande datum: restitutie van de reservering.<\/li><li>Annuleringen tussen 60 dagen en 30 dagen voor de geplande datum: 75% van de reservering wordt terugbetaald.<\/li><li>Annulering minder dan 30 dagen voor de geplande datum: Geen restitutie van de aanbetaling, het volledige bedrag van het verblijf is verschuldigd.<\/li><\/ol><\/li><li>In geval van verlate aankomst of vervroegd vertrek wordt geen korting verleend en wordt het verblijf gefactureerd tot het einde van de contractuele datum.<\/li><li>Als gasten niet komen op de geboekte datum zonder bericht, dan zal de accommodatie opnieuw beschikbaar worden voor anderen, op de dag volgend op de geplande aankomstdatum. Niet-gebruikte diensten worden niet vergoed.<\/li><li>De directie van Etang &amp; Village kan niet aansprakelijk worden gesteld voor schade aan of diefstal van persoonlijke eigendommen, zowel in de huuraccommodaties als op de parkeerplaatsen, voor zover zij niet verantwoordelijk is voor dergelijke schade of diefstal. Hetzelfde geldt in geval van overmacht of hinder die het verblijf verstoort, onderbreekt of verhindert.<\/li><li>We herinneren u eraan dat kinderen onder de verantwoordelijkheid van hun ouders of voogden vallen en daarom tijdens hun hele verblijf onder hun toezicht moeten blijven, ook in de speelzones en het zwembad.<\/li><li>Klanten moeten controleren of ze een volledige wettelijke aansprakelijkheidsverzekering hebben afgesloten.<\/li><li>De klant verbindt zich ertoe de gehuurde accommodatie te gebruiken zonder deze te beschadigen of de rust van de buurt te verstoren, en zal zich moeten houden aan de bepalingen van het huisreglement, dat kan worden geraadpleegd en toegankelijk is bij de receptie.<\/li><li>Er zal een ingebrekestelling worden verstuurd, die kan leiden tot onmiddellijke be\u00ebindiging van de huur zonder compensatie als hieraan niet wordt voldaan, in geval van :<ol><li>Overlast (geluid, enz.) of schade aan faciliteiten;<\/li><li>Het niet voldoen aan de voorwaarden voor het accepteren van huisdieren;<\/li><li>Aantal inzittenden dat groter is dan de opgegeven bezetting (extra persoon of dier niet opgegeven).<\/li><\/ol><\/li><li>In geval van een geschil, en na de zaak te hebben voorgelegd aan de klantendienst van het etablissement, kan elke klant van het g\u00eete-dorp de zaak voorleggen aan een consumentenombudsman, binnen een maximumtermijn van \u00e9\u00e9n jaar vanaf de datum van de schriftelijke klacht, per aangetekende brief aan de exploitant.<br \/>De contactgegevens van de bemiddelaar met wie de klant contact kan opnemen, zijn als volgt:<\/li><\/ol><ul><li>MEDICYS 73 Bd de Clichy &#8211; 75009 PARIJS<ul><li>Tel. 01 49 70 15 93<\/li><li>contact@medicys.fr<\/li><li>U kunt uw aanvraag online indienen via het hiervoor bestemde formulier: www.medicys.fr<\/li><\/ul><\/li><\/ul>\t\t\t\t\t\t<\/div>\n\t\t\t\t<\/div>\n\t\t\t\t\t<\/div>\n\t\t<\/div>\n\t\t\t\t\t\t\t<\/div>\n\t\t<\/section>\n\t\t\t\t\t\t\t<\/div>\n\t\t","protected":false},"excerpt":{"rendered":"<p>Algemene voorwaarden Alle verhuur is alleen op naam. De persoon die de boeking maakt, moet ouder zijn dan 18 jaar. Reserveringsaanvragen voor minderjarigen die niet worden begeleid door een directe wettelijke voogd (vader, moeder of grootouders), worden geweigerd. In de beschrijving wordt de klant ge\u00efnformeerd over het maximum aantal bedden voor elke verhuur. Dit aantal [&hellip;]<\/p>\n","protected":false},"author":1,"featured_media":0,"parent":0,"menu_order":0,"comment_status":"closed","ping_status":"open","template":"elementor_header_footer","meta":{"footnotes":""},"class_list":["post-2496","page","type-page","status-publish","hentry"],"yoast_head":"<!-- This site is optimized with the Yoast SEO plugin v21.4 - https:\/\/yoast.com\/wordpress\/plugins\/seo\/ -->\n<title>Algemene voorwaarden - Etang et village<\/title>\n<meta name=\"robots\" content=\"index, follow, max-snippet:-1, max-image-preview:large, max-video-preview:-1\" \/>\n<link rel=\"canonical\" href=\"https:\/\/etangetvillage.com\/nl\/algemene-voorwaarden\/\" \/>\n<meta property=\"og:locale\" content=\"nl_NL\" \/>\n<meta property=\"og:type\" content=\"article\" \/>\n<meta property=\"og:title\" content=\"Algemene voorwaarden - Etang et village\" \/>\n<meta property=\"og:description\" content=\"Algemene voorwaarden Alle verhuur is alleen op naam. De persoon die de boeking maakt, moet ouder zijn dan 18 jaar. Reserveringsaanvragen voor minderjarigen die niet worden begeleid door een directe wettelijke voogd (vader, moeder of grootouders), worden geweigerd. In de beschrijving wordt de klant ge\u00efnformeerd over het maximum aantal bedden voor elke verhuur. Dit aantal [&hellip;]\" \/>\n<meta property=\"og:url\" content=\"https:\/\/etangetvillage.com\/nl\/algemene-voorwaarden\/\" \/>\n<meta property=\"og:site_name\" content=\"Etang et village\" \/>\n<meta property=\"article:modified_time\" content=\"2024-09-27T12:35:46+00:00\" \/>\n<meta name=\"twitter:card\" content=\"summary_large_image\" \/>\n<meta name=\"twitter:label1\" content=\"Geschatte leestijd\" \/>\n\t<meta name=\"twitter:data1\" content=\"5 minuten\" \/>\n<script type=\"application\/ld+json\" class=\"yoast-schema-graph\">{\"@context\":\"https:\/\/schema.org\",\"@graph\":[{\"@type\":\"WebPage\",\"@id\":\"https:\/\/etangetvillage.com\/nl\/algemene-voorwaarden\/\",\"url\":\"https:\/\/etangetvillage.com\/nl\/algemene-voorwaarden\/\",\"name\":\"Algemene voorwaarden - Etang et village\",\"isPartOf\":{\"@id\":\"https:\/\/etangetvillage.com\/nl\/#website\"},\"datePublished\":\"2023-06-15T11:54:06+00:00\",\"dateModified\":\"2024-09-27T12:35:46+00:00\",\"breadcrumb\":{\"@id\":\"https:\/\/etangetvillage.com\/nl\/algemene-voorwaarden\/#breadcrumb\"},\"inLanguage\":\"nl-NL\",\"potentialAction\":[{\"@type\":\"ReadAction\",\"target\":[\"https:\/\/etangetvillage.com\/nl\/algemene-voorwaarden\/\"]}]},{\"@type\":\"BreadcrumbList\",\"@id\":\"https:\/\/etangetvillage.com\/nl\/algemene-voorwaarden\/#breadcrumb\",\"itemListElement\":[{\"@type\":\"ListItem\",\"position\":1,\"name\":\"Accueil\",\"item\":\"https:\/\/etangetvillage.com\/nl\/\"},{\"@type\":\"ListItem\",\"position\":2,\"name\":\"Algemene voorwaarden\"}]},{\"@type\":\"WebSite\",\"@id\":\"https:\/\/etangetvillage.com\/nl\/#website\",\"url\":\"https:\/\/etangetvillage.com\/nl\/\",\"name\":\"Etang et village\",\"description\":\"\",\"potentialAction\":[{\"@type\":\"SearchAction\",\"target\":{\"@type\":\"EntryPoint\",\"urlTemplate\":\"https:\/\/etangetvillage.com\/nl\/?s={search_term_string}\"},\"query-input\":\"required name=search_term_string\"}],\"inLanguage\":\"nl-NL\"}]}<\/script>\n<!-- \/ Yoast SEO plugin. -->","yoast_head_json":{"title":"Algemene voorwaarden - Etang et village","robots":{"index":"index","follow":"follow","max-snippet":"max-snippet:-1","max-image-preview":"max-image-preview:large","max-video-preview":"max-video-preview:-1"},"canonical":"https:\/\/etangetvillage.com\/nl\/algemene-voorwaarden\/","og_locale":"nl_NL","og_type":"article","og_title":"Algemene voorwaarden - Etang et village","og_description":"Algemene voorwaarden Alle verhuur is alleen op naam. De persoon die de boeking maakt, moet ouder zijn dan 18 jaar. Reserveringsaanvragen voor minderjarigen die niet worden begeleid door een directe wettelijke voogd (vader, moeder of grootouders), worden geweigerd. In de beschrijving wordt de klant ge\u00efnformeerd over het maximum aantal bedden voor elke verhuur. Dit aantal [&hellip;]","og_url":"https:\/\/etangetvillage.com\/nl\/algemene-voorwaarden\/","og_site_name":"Etang et village","article_modified_time":"2024-09-27T12:35:46+00:00","twitter_card":"summary_large_image","twitter_misc":{"Geschatte leestijd":"5 minuten"},"schema":{"@context":"https:\/\/schema.org","@graph":[{"@type":"WebPage","@id":"https:\/\/etangetvillage.com\/nl\/algemene-voorwaarden\/","url":"https:\/\/etangetvillage.com\/nl\/algemene-voorwaarden\/","name":"Algemene voorwaarden - Etang et village","isPartOf":{"@id":"https:\/\/etangetvillage.com\/nl\/#website"},"datePublished":"2023-06-15T11:54:06+00:00","dateModified":"2024-09-27T12:35:46+00:00","breadcrumb":{"@id":"https:\/\/etangetvillage.com\/nl\/algemene-voorwaarden\/#breadcrumb"},"inLanguage":"nl-NL","potentialAction":[{"@type":"ReadAction","target":["https:\/\/etangetvillage.com\/nl\/algemene-voorwaarden\/"]}]},{"@type":"BreadcrumbList","@id":"https:\/\/etangetvillage.com\/nl\/algemene-voorwaarden\/#breadcrumb","itemListElement":[{"@type":"ListItem","position":1,"name":"Accueil","item":"https:\/\/etangetvillage.com\/nl\/"},{"@type":"ListItem","position":2,"name":"Algemene voorwaarden"}]},{"@type":"WebSite","@id":"https:\/\/etangetvillage.com\/nl\/#website","url":"https:\/\/etangetvillage.com\/nl\/","name":"Etang et village","description":"","potentialAction":[{"@type":"SearchAction","target":{"@type":"EntryPoint","urlTemplate":"https:\/\/etangetvillage.com\/nl\/?s={search_term_string}"},"query-input":"required name=search_term_string"}],"inLanguage":"nl-NL"}]}},"_links":{"self":[{"href":"https:\/\/etangetvillage.com\/nl\/wp-json\/wp\/v2\/pages\/2496","targetHints":{"allow":["GET"]}}],"collection":[{"href":"https:\/\/etangetvillage.com\/nl\/wp-json\/wp\/v2\/pages"}],"about":[{"href":"https:\/\/etangetvillage.com\/nl\/wp-json\/wp\/v2\/types\/page"}],"author":[{"embeddable":true,"href":"https:\/\/etangetvillage.com\/nl\/wp-json\/wp\/v2\/users\/1"}],"replies":[{"embeddable":true,"href":"https:\/\/etangetvillage.com\/nl\/wp-json\/wp\/v2\/comments?post=2496"}],"version-history":[{"count":5,"href":"https:\/\/etangetvillage.com\/nl\/wp-json\/wp\/v2\/pages\/2496\/revisions"}],"predecessor-version":[{"id":4952,"href":"https:\/\/etangetvillage.com\/nl\/wp-json\/wp\/v2\/pages\/2496\/revisions\/4952"}],"wp:attachment":[{"href":"https:\/\/etangetvillage.com\/nl\/wp-json\/wp\/v2\/media?parent=2496"}],"curies":[{"name":"wp","href":"https:\/\/api.w.org\/{rel}","templated":true}]}}